{"id":352,"date":"2015-11-27T16:27:59","date_gmt":"2015-11-27T15:27:59","guid":{"rendered":"http:\/\/www.pep06.fr\/ader\/?page_id=352"},"modified":"2015-11-27T16:27:59","modified_gmt":"2015-11-27T15:27:59","slug":"ssefs","status":"publish","type":"page","link":"https:\/\/www.pep06.fr\/ader\/ssefs\/","title":{"rendered":"Le SSEFS"},"content":{"rendered":"<p>Destin\u00e9 aux d\u00e9ficients auditifs, le Service de Soutien \u00e0 l\u2019Education Familiale et \u00e0 la Scolarisation\u00a0effectue en priorit\u00e9 le suivi des \u00e9l\u00e8ves orient\u00e9s dans une formation professionnelle, via une notification de la <abbr title=\"Maison D\u00e9partementale des Personnes Handicap\u00e9es\">MDPH<\/abbr>.\u00a0Ces \u00e9l\u00e8ves sont \u00e2g\u00e9s de 12 \u00e0 20 ans et par d\u00e9rogation au-del\u00e0 de 20 ans.<\/p>\n<p>Le <abbr title=\"Service de Soutien \u00e0 l\u2019Education Familiale et \u00e0 la Scolarisation\">SSEFS<\/abbr> a pour objectif l\u2019accompagnement \u00e0 la scolarit\u00e9 ainsi qu\u2019\u00e0 l\u2019insertion dans la vie sociale et professionnelle.\u00a0Il intervient principalement pour des b\u00e9n\u00e9ficiaires accueillis dans des \u00e9tablissements tels que les CFA, les CFB ou encore les lyc\u00e9es professionnels, mais \u00e9galement aupr\u00e8s de ceux engag\u00e9s dans des cursus d&rsquo;\u00e9tudes sup\u00e9rieures (BTS, IESTS\u2026).<\/p>\n<p>La souplesse de cette structure sp\u00e9cialis\u00e9e permet des ajustements avec la scolarisation dans une dynamique tripartite :<\/p>\n<ol>\n<li>Le <abbr title=\"Service de Soutien \u00e0 l\u2019Education Familiale et \u00e0 la Scolarisation\">SSEFS<\/abbr><\/li>\n<li>L\u2019\u00e9l\u00e8ve et sa famille<\/li>\n<li>L&rsquo;\u00e9tablissement scolaire et le milieu professionnel (par exemple l&#8217;employeur dans le cadre d&rsquo;un contrat d\u2019apprentissage)<\/li>\n<\/ol>\n<p>Ce service est compos\u00e9 de diff\u00e9rents professionnels, ce qui permet de privil\u00e9gier le mode de communication choisi par l\u2019\u00e9l\u00e8ve et sa famille (Oral, <abbr title=\"Langue des Signes Fran\u00e7aise\">LSF<\/abbr>\u2026) ainsi qu\u2019un accompagnement individuel et individualis\u00e9 de chaque \u00e9l\u00e8ve,\u00a0en fonction des <abbr title=\"Projet Personnalis\u00e9 de Scolarisation\">PPS<\/abbr> et PIA \u00e9labor\u00e9s chaque ann\u00e9e, toujours en lien \u00e9troit avec le(s) principal(aux) int\u00e9ress\u00e9(s).\u00a0Ces professionnels se d\u00e9placent sur les \u00e9tablissements scolaires et professionnels, et\u00a0peuvent \u00e9galement recevoir l\u2019\u00e9l\u00e8ve \u00e0 l\u2019institut, en fonction de ses\u00a0besoins sp\u00e9cifiques.<\/p>\n<p>Ainsi le service intervient sur l\u2019aide \u00e0 la scolarisation mais \u00e9galement dans les d\u00e9marches li\u00e9es \u00e0 l\u2019autonomie dans la vie quotidienne, telles que g\u00e9rer un budget, comprendre une fiche de paie, remplir sa d\u00e9claration d\u2019imp\u00f4ts ou r\u00e9diger un curriculum-vitae.\u00a0L\u2019ensemble doit permettre l\u2019acquisition de connaissances permettant de viser une r\u00e9ussite \u00e0 l\u2019examen pr\u00e9par\u00e9 et de techniques optimalis\u00e9es dans le m\u00e9tier vis\u00e9.<\/p>\n","protected":false},"excerpt":{"rendered":"<p>Destin\u00e9 aux d\u00e9ficients auditifs, le Service de Soutien \u00e0 l\u2019Education Familiale et \u00e0 la Scolarisation\u00a0effectue en priorit\u00e9 le suivi des \u00e9l\u00e8ves orient\u00e9s dans une formation professionnelle, via une notification de la MDPH.\u00a0Ces \u00e9l\u00e8ves sont \u00e2g\u00e9s de 12 \u00e0 20 ans et par d\u00e9rogation au-del\u00e0 de 20 ans. Le SSEFS a pour objectif l\u2019accompagnement \u00e0 la&#8230;<\/p>\n<p><a href=\"https:\/\/www.pep06.fr\/ader\/ssefs\/\"><span class=\"glyphicon glyphicon-arrow-right\"><\/span>&nbsp;Poursuivre la lecture<\/a><\/p>","protected":false},"author":1,"featured_media":0,"parent":0,"menu_order":0,"comment_status":"closed","ping_status":"closed","template":"page-no-breadcrumbs-full-width.php","meta":{"_uf_show_specific_survey":0,"_uf_disable_surveys":false,"jetpack_post_was_ever_published":false,"footnotes":""},"class_list":["post-352","page","type-page","status-publish","hentry"],"yoast_head":"<!-- This site is optimized with the Yoast SEO plugin v27.4 - https:\/\/yoast.com\/product\/yoast-seo-wordpress\/ -->\n<title>Le SSEFS - IES Cl\u00e9ment Ader<\/title>\n<meta name=\"description\" content=\"L\u2019institut d\u2019\u00e9ducation sensorielle Cl\u00e9ment Ader PEP06 accueille un public \u00e2g\u00e9 de 6 \u00e0 20 ans pr\u00e9sentant une d\u00e9ficience visuelle et\/ou auditive\" \/>\n<meta name=\"robots\" content=\"index, follow, max-snippet:-1, max-image-preview:large, max-video-preview:-1\" \/>\n<link rel=\"canonical\" href=\"https:\/\/www.pep06.fr\/ader\/ssefs\/\" \/>\n<meta property=\"og:locale\" content=\"fr_FR\" \/>\n<meta property=\"og:type\" content=\"article\" \/>\n<meta property=\"og:title\" content=\"Le SSEFS - IES Cl\u00e9ment Ader\" \/>\n<meta property=\"og:description\" content=\"L\u2019institut d\u2019\u00e9ducation sensorielle Cl\u00e9ment Ader PEP06 accueille un public \u00e2g\u00e9 de 6 \u00e0 20 ans pr\u00e9sentant une d\u00e9ficience visuelle et\/ou auditive\" \/>\n<meta property=\"og:url\" content=\"https:\/\/www.pep06.fr\/ader\/ssefs\/\" \/>\n<meta property=\"og:site_name\" content=\"IES Cl\u00e9ment Ader\" \/>\n<meta property=\"article:publisher\" content=\"https:\/\/www.facebook.com\/ADPEP06\" \/>\n<meta name=\"twitter:card\" content=\"summary_large_image\" \/>\n<meta name=\"twitter:label1\" content=\"Dur\u00e9e de lecture estim\u00e9e\" \/>\n\t<meta name=\"twitter:data1\" content=\"2 minutes\" \/>\n<script type=\"application\/ld+json\" class=\"yoast-schema-graph\">{\"@context\":\"https:\\\/\\\/schema.org\",\"@graph\":[{\"@type\":\"WebPage\",\"@id\":\"https:\\\/\\\/www.pep06.fr\\\/ader\\\/ssefs\\\/\",\"url\":\"https:\\\/\\\/www.pep06.fr\\\/ader\\\/ssefs\\\/\",\"name\":\"Le SSEFS - IES Cl\u00e9ment Ader\",\"isPartOf\":{\"@id\":\"https:\\\/\\\/www.pep06.fr\\\/ader\\\/#website\"},\"datePublished\":\"2015-11-27T15:27:59+00:00\",\"description\":\"L\u2019institut d\u2019\u00e9ducation sensorielle Cl\u00e9ment Ader PEP06 accueille un public \u00e2g\u00e9 de 6 \u00e0 20 ans pr\u00e9sentant une d\u00e9ficience visuelle et\\\/ou auditive\",\"breadcrumb\":{\"@id\":\"https:\\\/\\\/www.pep06.fr\\\/ader\\\/ssefs\\\/#breadcrumb\"},\"inLanguage\":\"fr-FR\",\"potentialAction\":[{\"@type\":\"ReadAction\",\"target\":[\"https:\\\/\\\/www.pep06.fr\\\/ader\\\/ssefs\\\/\"]}]},{\"@type\":\"BreadcrumbList\",\"@id\":\"https:\\\/\\\/www.pep06.fr\\\/ader\\\/ssefs\\\/#breadcrumb\",\"itemListElement\":[{\"@type\":\"ListItem\",\"position\":1,\"name\":\"Accueil\",\"item\":\"https:\\\/\\\/www.pep06.fr\\\/ader\\\/\"},{\"@type\":\"ListItem\",\"position\":2,\"name\":\"Le SSEFS\"}]},{\"@type\":\"WebSite\",\"@id\":\"https:\\\/\\\/www.pep06.fr\\\/ader\\\/#website\",\"url\":\"https:\\\/\\\/www.pep06.fr\\\/ader\\\/\",\"name\":\"IES Cl\u00e9ment Ader\",\"description\":\"Le site de l&#039;IES Cl\u00e9ment Ader des PEP 06\",\"publisher\":{\"@id\":\"https:\\\/\\\/www.pep06.fr\\\/ader\\\/#organization\"},\"potentialAction\":[{\"@type\":\"SearchAction\",\"target\":{\"@type\":\"EntryPoint\",\"urlTemplate\":\"https:\\\/\\\/www.pep06.fr\\\/ader\\\/?s={search_term_string}\"},\"query-input\":{\"@type\":\"PropertyValueSpecification\",\"valueRequired\":true,\"valueName\":\"search_term_string\"}}],\"inLanguage\":\"fr-FR\"},{\"@type\":\"Organization\",\"@id\":\"https:\\\/\\\/www.pep06.fr\\\/ader\\\/#organization\",\"name\":\"PEP 06\",\"url\":\"https:\\\/\\\/www.pep06.fr\\\/ader\\\/\",\"logo\":{\"@type\":\"ImageObject\",\"inLanguage\":\"fr-FR\",\"@id\":\"https:\\\/\\\/www.pep06.fr\\\/ader\\\/#\\\/schema\\\/logo\\\/image\\\/\",\"url\":\"https:\\\/\\\/www.pep06.fr\\\/ader\\\/wp-content\\\/uploads\\\/sites\\\/3\\\/2015\\\/11\\\/Logo-PEP06.png\",\"contentUrl\":\"https:\\\/\\\/www.pep06.fr\\\/ader\\\/wp-content\\\/uploads\\\/sites\\\/3\\\/2015\\\/11\\\/Logo-PEP06.png\",\"width\":915,\"height\":915,\"caption\":\"PEP 06\"},\"image\":{\"@id\":\"https:\\\/\\\/www.pep06.fr\\\/ader\\\/#\\\/schema\\\/logo\\\/image\\\/\"},\"sameAs\":[\"https:\\\/\\\/www.facebook.com\\\/ADPEP06\"]}]}<\/script>\n<!-- \/ Yoast SEO plugin. -->","yoast_head_json":{"title":"Le SSEFS - IES Cl\u00e9ment Ader","description":"L\u2019institut d\u2019\u00e9ducation sensorielle Cl\u00e9ment Ader PEP06 accueille un public \u00e2g\u00e9 de 6 \u00e0 20 ans pr\u00e9sentant une d\u00e9ficience visuelle et\/ou auditive","robots":{"index":"index","follow":"follow","max-snippet":"max-snippet:-1","max-image-preview":"max-image-preview:large","max-video-preview":"max-video-preview:-1"},"canonical":"https:\/\/www.pep06.fr\/ader\/ssefs\/","og_locale":"fr_FR","og_type":"article","og_title":"Le SSEFS - IES Cl\u00e9ment Ader","og_description":"L\u2019institut d\u2019\u00e9ducation sensorielle Cl\u00e9ment Ader PEP06 accueille un public \u00e2g\u00e9 de 6 \u00e0 20 ans pr\u00e9sentant une d\u00e9ficience visuelle et\/ou auditive","og_url":"https:\/\/www.pep06.fr\/ader\/ssefs\/","og_site_name":"IES Cl\u00e9ment Ader","article_publisher":"https:\/\/www.facebook.com\/ADPEP06","twitter_card":"summary_large_image","twitter_misc":{"Dur\u00e9e de lecture estim\u00e9e":"2 minutes"},"schema":{"@context":"https:\/\/schema.org","@graph":[{"@type":"WebPage","@id":"https:\/\/www.pep06.fr\/ader\/ssefs\/","url":"https:\/\/www.pep06.fr\/ader\/ssefs\/","name":"Le SSEFS - IES Cl\u00e9ment Ader","isPartOf":{"@id":"https:\/\/www.pep06.fr\/ader\/#website"},"datePublished":"2015-11-27T15:27:59+00:00","description":"L\u2019institut d\u2019\u00e9ducation sensorielle Cl\u00e9ment Ader PEP06 accueille un public \u00e2g\u00e9 de 6 \u00e0 20 ans pr\u00e9sentant une d\u00e9ficience visuelle et\/ou auditive","breadcrumb":{"@id":"https:\/\/www.pep06.fr\/ader\/ssefs\/#breadcrumb"},"inLanguage":"fr-FR","potentialAction":[{"@type":"ReadAction","target":["https:\/\/www.pep06.fr\/ader\/ssefs\/"]}]},{"@type":"BreadcrumbList","@id":"https:\/\/www.pep06.fr\/ader\/ssefs\/#breadcrumb","itemListElement":[{"@type":"ListItem","position":1,"name":"Accueil","item":"https:\/\/www.pep06.fr\/ader\/"},{"@type":"ListItem","position":2,"name":"Le SSEFS"}]},{"@type":"WebSite","@id":"https:\/\/www.pep06.fr\/ader\/#website","url":"https:\/\/www.pep06.fr\/ader\/","name":"IES Cl\u00e9ment Ader","description":"Le site de l&#039;IES Cl\u00e9ment Ader des PEP 06","publisher":{"@id":"https:\/\/www.pep06.fr\/ader\/#organization"},"potentialAction":[{"@type":"SearchAction","target":{"@type":"EntryPoint","urlTemplate":"https:\/\/www.pep06.fr\/ader\/?s={search_term_string}"},"query-input":{"@type":"PropertyValueSpecification","valueRequired":true,"valueName":"search_term_string"}}],"inLanguage":"fr-FR"},{"@type":"Organization","@id":"https:\/\/www.pep06.fr\/ader\/#organization","name":"PEP 06","url":"https:\/\/www.pep06.fr\/ader\/","logo":{"@type":"ImageObject","inLanguage":"fr-FR","@id":"https:\/\/www.pep06.fr\/ader\/#\/schema\/logo\/image\/","url":"https:\/\/www.pep06.fr\/ader\/wp-content\/uploads\/sites\/3\/2015\/11\/Logo-PEP06.png","contentUrl":"https:\/\/www.pep06.fr\/ader\/wp-content\/uploads\/sites\/3\/2015\/11\/Logo-PEP06.png","width":915,"height":915,"caption":"PEP 06"},"image":{"@id":"https:\/\/www.pep06.fr\/ader\/#\/schema\/logo\/image\/"},"sameAs":["https:\/\/www.facebook.com\/ADPEP06"]}]}},"jetpack_sharing_enabled":true,"jetpack_shortlink":"https:\/\/wp.me\/P6ZrSJ-5G","_links":{"self":[{"href":"https:\/\/www.pep06.fr\/ader\/wp-json\/wp\/v2\/pages\/352","targetHints":{"allow":["GET"]}}],"collection":[{"href":"https:\/\/www.pep06.fr\/ader\/wp-json\/wp\/v2\/pages"}],"about":[{"href":"https:\/\/www.pep06.fr\/ader\/wp-json\/wp\/v2\/types\/page"}],"author":[{"embeddable":true,"href":"https:\/\/www.pep06.fr\/ader\/wp-json\/wp\/v2\/users\/1"}],"replies":[{"embeddable":true,"href":"https:\/\/www.pep06.fr\/ader\/wp-json\/wp\/v2\/comments?post=352"}],"version-history":[{"count":1,"href":"https:\/\/www.pep06.fr\/ader\/wp-json\/wp\/v2\/pages\/352\/revisions"}],"predecessor-version":[{"id":353,"href":"https:\/\/www.pep06.fr\/ader\/wp-json\/wp\/v2\/pages\/352\/revisions\/353"}],"wp:attachment":[{"href":"https:\/\/www.pep06.fr\/ader\/wp-json\/wp\/v2\/media?parent=352"}],"curies":[{"name":"wp","href":"https:\/\/api.w.org\/{rel}","templated":true}]}}