{"id":28,"date":"2026-03-05T10:19:33","date_gmt":"2026-03-05T09:19:33","guid":{"rendered":"https:\/\/www.pep06.fr\/ajpa\/?page_id=28"},"modified":"2026-03-05T10:19:34","modified_gmt":"2026-03-05T09:19:34","slug":"accessibilite","status":"publish","type":"page","link":"https:\/\/www.pep06.fr\/ajpa\/accessibilite\/","title":{"rendered":"Accessibilit\u00e9"},"content":{"rendered":"\n<p>L\u2019\u00e9tablissement est accessible en voiture.<br>Il est accessible par les transports en commun, par les bus&nbsp;n\u00b0 22, 47 et 73<\/p>\n\n\n\n<p>&#8211; arr\u00eat Gatti\u00e8res village<\/p>\n\n\n\n<p>&#8211; puis 1 minutes \u00e0 pieds, Place des D\u00e9port\u00e9s<\/p>\n\n\n\n<p><strong><u>Accessibilit\u00e9<\/u><\/strong> :<\/p>\n\n\n\n<p>Le b\u00e2timent est totalement accessible aux personnes \u00e0 mobilit\u00e9 r\u00e9duite. L\u2019ensemble des rendez-vous peut \u00eatre assur\u00e9 dans des lieux accessibles et des espaces d\u00e9di\u00e9s.<br><br><\/p>\n","protected":false},"excerpt":{"rendered":"<p>L\u2019\u00e9tablissement est accessible en voiture.Il est accessible par les transports en commun, par les bus&nbsp;n\u00b0 22, 47 et 73 &#8211; &hellip; <\/p>\n","protected":false},"author":2,"featured_media":0,"parent":0,"menu_order":0,"comment_status":"closed","ping_status":"closed","template":"","meta":{"_uf_show_specific_survey":0,"_uf_disable_surveys":false,"footnotes":""},"class_list":["post-28","page","type-page","status-publish","hentry"],"yoast_head":"<!-- This site is optimized with the Yoast SEO plugin v27.4 - https:\/\/yoast.com\/product\/yoast-seo-wordpress\/ -->\n<title>PEP 06 \u2013 Pupilles de l\u2019Enseignement Public des Alpes Maritimes<\/title>\n<meta name=\"description\" content=\"Pour une soci\u00e9t\u00e9 plus inclusive, l\u2019association PEP 06 g\u00e8re 3 instituts m\u00e9dico-sociaux, 1 centre de sant\u00e9, 2 services, 1 maison de sant\u00e9, 1 centre de montagne.\" \/>\n<meta name=\"robots\" content=\"index, follow, max-snippet:-1, max-image-preview:large, max-video-preview:-1\" \/>\n<link rel=\"canonical\" href=\"https:\/\/www.pep06.fr\/ajpa\/accessibilite\/\" \/>\n<meta property=\"og:locale\" content=\"fr_FR\" \/>\n<meta property=\"og:type\" content=\"article\" \/>\n<meta property=\"og:title\" content=\"PEP 06 \u2013 Pupilles de l\u2019Enseignement Public des Alpes Maritimes\" \/>\n<meta property=\"og:description\" content=\"Pour une soci\u00e9t\u00e9 plus inclusive, l\u2019association PEP 06 g\u00e8re 3 instituts m\u00e9dico-sociaux, 1 centre de sant\u00e9, 2 services, 1 maison de sant\u00e9, 1 centre de montagne.\" \/>\n<meta property=\"og:url\" content=\"https:\/\/www.pep06.fr\/ajpa\/accessibilite\/\" \/>\n<meta property=\"og:site_name\" content=\"Accueil de Jour Personnes Ag\u00e9es\" \/>\n<meta property=\"article:publisher\" content=\"https:\/\/www.facebook.com\/ADPEP06\" \/>\n<meta property=\"article:modified_time\" content=\"2026-03-05T09:19:34+00:00\" \/>\n<meta name=\"twitter:card\" content=\"summary_large_image\" \/>\n<meta name=\"twitter:label1\" content=\"Dur\u00e9e de lecture estim\u00e9e\" \/>\n\t<meta name=\"twitter:data1\" content=\"1 minute\" \/>\n<script type=\"application\/ld+json\" class=\"yoast-schema-graph\">{\"@context\":\"https:\\\/\\\/schema.org\",\"@graph\":[{\"@type\":\"WebPage\",\"@id\":\"https:\\\/\\\/www.pep06.fr\\\/ajpa\\\/accessibilite\\\/\",\"url\":\"https:\\\/\\\/www.pep06.fr\\\/ajpa\\\/accessibilite\\\/\",\"name\":\"PEP 06 \u2013 Pupilles de l\u2019Enseignement Public des Alpes Maritimes\",\"isPartOf\":{\"@id\":\"https:\\\/\\\/www.pep06.fr\\\/ajpa\\\/#website\"},\"datePublished\":\"2026-03-05T09:19:33+00:00\",\"dateModified\":\"2026-03-05T09:19:34+00:00\",\"description\":\"Pour une soci\u00e9t\u00e9 plus inclusive, l\u2019association PEP 06 g\u00e8re 3 instituts m\u00e9dico-sociaux, 1 centre de sant\u00e9, 2 services, 1 maison de sant\u00e9, 1 centre de montagne.\",\"breadcrumb\":{\"@id\":\"https:\\\/\\\/www.pep06.fr\\\/ajpa\\\/accessibilite\\\/#breadcrumb\"},\"inLanguage\":\"fr-FR\",\"potentialAction\":[{\"@type\":\"ReadAction\",\"target\":[\"https:\\\/\\\/www.pep06.fr\\\/ajpa\\\/accessibilite\\\/\"]}]},{\"@type\":\"BreadcrumbList\",\"@id\":\"https:\\\/\\\/www.pep06.fr\\\/ajpa\\\/accessibilite\\\/#breadcrumb\",\"itemListElement\":[{\"@type\":\"ListItem\",\"position\":1,\"name\":\"Accueil\",\"item\":\"https:\\\/\\\/www.pep06.fr\\\/ajpa\\\/\"},{\"@type\":\"ListItem\",\"position\":2,\"name\":\"Accessibilit\u00e9\"}]},{\"@type\":\"WebSite\",\"@id\":\"https:\\\/\\\/www.pep06.fr\\\/ajpa\\\/#website\",\"url\":\"https:\\\/\\\/www.pep06.fr\\\/ajpa\\\/\",\"name\":\"Accueil de Jour Personnes Ag\u00e9es\",\"description\":\"\",\"publisher\":{\"@id\":\"https:\\\/\\\/www.pep06.fr\\\/ajpa\\\/#organization\"},\"potentialAction\":[{\"@type\":\"SearchAction\",\"target\":{\"@type\":\"EntryPoint\",\"urlTemplate\":\"https:\\\/\\\/www.pep06.fr\\\/ajpa\\\/?s={search_term_string}\"},\"query-input\":{\"@type\":\"PropertyValueSpecification\",\"valueRequired\":true,\"valueName\":\"search_term_string\"}}],\"inLanguage\":\"fr-FR\"},{\"@type\":\"Organization\",\"@id\":\"https:\\\/\\\/www.pep06.fr\\\/ajpa\\\/#organization\",\"name\":\"PEP 06\",\"url\":\"https:\\\/\\\/www.pep06.fr\\\/ajpa\\\/\",\"logo\":{\"@type\":\"ImageObject\",\"inLanguage\":\"fr-FR\",\"@id\":\"https:\\\/\\\/www.pep06.fr\\\/ajpa\\\/#\\\/schema\\\/logo\\\/image\\\/\",\"url\":\"https:\\\/\\\/www.pep06.fr\\\/wp-content\\\/uploads\\\/2015\\\/11\\\/Logo-PEP06.png\",\"contentUrl\":\"https:\\\/\\\/www.pep06.fr\\\/wp-content\\\/uploads\\\/2015\\\/11\\\/Logo-PEP06.png\",\"width\":915,\"height\":915,\"caption\":\"PEP 06\"},\"image\":{\"@id\":\"https:\\\/\\\/www.pep06.fr\\\/ajpa\\\/#\\\/schema\\\/logo\\\/image\\\/\"},\"sameAs\":[\"https:\\\/\\\/www.facebook.com\\\/ADPEP06\"]}]}<\/script>\n<!-- \/ Yoast SEO plugin. -->","yoast_head_json":{"title":"PEP 06 \u2013 Pupilles de l\u2019Enseignement Public des Alpes Maritimes","description":"Pour une soci\u00e9t\u00e9 plus inclusive, l\u2019association PEP 06 g\u00e8re 3 instituts m\u00e9dico-sociaux, 1 centre de sant\u00e9, 2 services, 1 maison de sant\u00e9, 1 centre de montagne.","robots":{"index":"index","follow":"follow","max-snippet":"max-snippet:-1","max-image-preview":"max-image-preview:large","max-video-preview":"max-video-preview:-1"},"canonical":"https:\/\/www.pep06.fr\/ajpa\/accessibilite\/","og_locale":"fr_FR","og_type":"article","og_title":"PEP 06 \u2013 Pupilles de l\u2019Enseignement Public des Alpes Maritimes","og_description":"Pour une soci\u00e9t\u00e9 plus inclusive, l\u2019association PEP 06 g\u00e8re 3 instituts m\u00e9dico-sociaux, 1 centre de sant\u00e9, 2 services, 1 maison de sant\u00e9, 1 centre de montagne.","og_url":"https:\/\/www.pep06.fr\/ajpa\/accessibilite\/","og_site_name":"Accueil de Jour Personnes Ag\u00e9es","article_publisher":"https:\/\/www.facebook.com\/ADPEP06","article_modified_time":"2026-03-05T09:19:34+00:00","twitter_card":"summary_large_image","twitter_misc":{"Dur\u00e9e de lecture estim\u00e9e":"1 minute"},"schema":{"@context":"https:\/\/schema.org","@graph":[{"@type":"WebPage","@id":"https:\/\/www.pep06.fr\/ajpa\/accessibilite\/","url":"https:\/\/www.pep06.fr\/ajpa\/accessibilite\/","name":"PEP 06 \u2013 Pupilles de l\u2019Enseignement Public des Alpes Maritimes","isPartOf":{"@id":"https:\/\/www.pep06.fr\/ajpa\/#website"},"datePublished":"2026-03-05T09:19:33+00:00","dateModified":"2026-03-05T09:19:34+00:00","description":"Pour une soci\u00e9t\u00e9 plus inclusive, l\u2019association PEP 06 g\u00e8re 3 instituts m\u00e9dico-sociaux, 1 centre de sant\u00e9, 2 services, 1 maison de sant\u00e9, 1 centre de montagne.","breadcrumb":{"@id":"https:\/\/www.pep06.fr\/ajpa\/accessibilite\/#breadcrumb"},"inLanguage":"fr-FR","potentialAction":[{"@type":"ReadAction","target":["https:\/\/www.pep06.fr\/ajpa\/accessibilite\/"]}]},{"@type":"BreadcrumbList","@id":"https:\/\/www.pep06.fr\/ajpa\/accessibilite\/#breadcrumb","itemListElement":[{"@type":"ListItem","position":1,"name":"Accueil","item":"https:\/\/www.pep06.fr\/ajpa\/"},{"@type":"ListItem","position":2,"name":"Accessibilit\u00e9"}]},{"@type":"WebSite","@id":"https:\/\/www.pep06.fr\/ajpa\/#website","url":"https:\/\/www.pep06.fr\/ajpa\/","name":"Accueil de Jour Personnes Ag\u00e9es","description":"","publisher":{"@id":"https:\/\/www.pep06.fr\/ajpa\/#organization"},"potentialAction":[{"@type":"SearchAction","target":{"@type":"EntryPoint","urlTemplate":"https:\/\/www.pep06.fr\/ajpa\/?s={search_term_string}"},"query-input":{"@type":"PropertyValueSpecification","valueRequired":true,"valueName":"search_term_string"}}],"inLanguage":"fr-FR"},{"@type":"Organization","@id":"https:\/\/www.pep06.fr\/ajpa\/#organization","name":"PEP 06","url":"https:\/\/www.pep06.fr\/ajpa\/","logo":{"@type":"ImageObject","inLanguage":"fr-FR","@id":"https:\/\/www.pep06.fr\/ajpa\/#\/schema\/logo\/image\/","url":"https:\/\/www.pep06.fr\/wp-content\/uploads\/2015\/11\/Logo-PEP06.png","contentUrl":"https:\/\/www.pep06.fr\/wp-content\/uploads\/2015\/11\/Logo-PEP06.png","width":915,"height":915,"caption":"PEP 06"},"image":{"@id":"https:\/\/www.pep06.fr\/ajpa\/#\/schema\/logo\/image\/"},"sameAs":["https:\/\/www.facebook.com\/ADPEP06"]}]}},"_links":{"self":[{"href":"https:\/\/www.pep06.fr\/ajpa\/wp-json\/wp\/v2\/pages\/28","targetHints":{"allow":["GET"]}}],"collection":[{"href":"https:\/\/www.pep06.fr\/ajpa\/wp-json\/wp\/v2\/pages"}],"about":[{"href":"https:\/\/www.pep06.fr\/ajpa\/wp-json\/wp\/v2\/types\/page"}],"author":[{"embeddable":true,"href":"https:\/\/www.pep06.fr\/ajpa\/wp-json\/wp\/v2\/users\/2"}],"replies":[{"embeddable":true,"href":"https:\/\/www.pep06.fr\/ajpa\/wp-json\/wp\/v2\/comments?post=28"}],"version-history":[{"count":1,"href":"https:\/\/www.pep06.fr\/ajpa\/wp-json\/wp\/v2\/pages\/28\/revisions"}],"predecessor-version":[{"id":29,"href":"https:\/\/www.pep06.fr\/ajpa\/wp-json\/wp\/v2\/pages\/28\/revisions\/29"}],"wp:attachment":[{"href":"https:\/\/www.pep06.fr\/ajpa\/wp-json\/wp\/v2\/media?parent=28"}],"curies":[{"name":"wp","href":"https:\/\/api.w.org\/{rel}","templated":true}]}}