{"id":30,"date":"2026-02-23T14:03:06","date_gmt":"2026-02-23T13:03:06","guid":{"rendered":"https:\/\/www.pep06.fr\/lamaioun\/?page_id=30"},"modified":"2026-02-23T15:24:22","modified_gmt":"2026-02-23T14:24:22","slug":"fiche-identite-de-letablissement","status":"publish","type":"page","link":"https:\/\/www.pep06.fr\/lamaioun\/","title":{"rendered":"Fiche identit\u00e9 de l&rsquo;\u00e9tablissement"},"content":{"rendered":"\n<p>L\u2019\u00e9tablissement a ouvert ses portes en mars 2024, \u00e0 la suite d\u2019un appel \u00e0 projets lanc\u00e9 en 2022 par l\u2019ARS pour la cr\u00e9ation d\u2019une MAS sur le territoire des Alpes-Maritimes. \u00ab Les maisons d&rsquo;accueil sp\u00e9cialis\u00e9es (MAS) proposent un h\u00e9bergement permanent \u00e0 tout adulte handicap\u00e9 gravement d\u00e9pendant dont les capacit\u00e9s \u00e0 r\u00e9aliser les actes de la vie courante (se nourrir, s\u2019habiller, se restaurer\u2026) sont alt\u00e9r\u00e9es \u00bb.<br>Cette ouverture constitue une \u00e9tape majeure pour l\u2019association gestionnaire : il s\u2019agit de sa premi\u00e8re structure d\u00e9di\u00e9e aux adultes pr\u00e9sentant des troubles psychiques complexes et\/ou des Troubles du Spectre Autistique (TSA) tr\u00e8s complexes.<br>L\u2019autorisation de fonctionnement se d\u00e9cline comme suit :<br>20 places de MAS pour adultes (\u00e0 partir de 20 ans) porteurs de troubles psychiques r\u00e9parties en deux services :<br><br>14 places de MAS \u00ab h\u00e9bergement \u00bb : accompagnement de personnes pr\u00e9sentant des troubles moteurs associ\u00e9s \u00e0 leurs troubles psychiques, augmentant leur vuln\u00e9rabilit\u00e9 et n\u00e9cessitant un environnement s\u00e9curis\u00e9.<br><br>6 places de MAS-Renforc\u00e9e (MAS-R): accueil d\u2019adultes pr\u00e9sentant des troubles psychiques complexes et d\u2019importants troubles du comportement, n\u00e9cessitant un environnement hautement s\u00e9curis\u00e9 et un encadrement renforc\u00e9.<br><br>6 places d\u2019Unit\u00e9 R\u00e9sidentielle pour adultes avec TSA tr\u00e8s complexe (URTSA). \u00ab Ces unit\u00e9s destin\u00e9es \u00e0 accueillir des adultes porteurs de Troubles du Spectre Autistique s\u00e9v\u00e8res ont pour objectif de proposer un lieu de vie p\u00e9renne, un accompagnement et des interventions expertes, au sein de locaux sp\u00e9cifiquement con\u00e7us pour ce public. Ces troubles du comportement se manifestent souvent par des actes auto ou h\u00e9t\u00e9ro agressifs, rendant extr\u00eamement difficiles la vie en collectivit\u00e9 au sein d\u2019un \u00e9tablissement classique. Le public cible de ces unit\u00e9s se caract\u00e9rise \u00e9galement par de nombreuses ruptures de parcours, des hospitalisations prolong\u00e9es inadapt\u00e9es en \u00e9tablissement de sant\u00e9 mentale et met en difficult\u00e9 les \u00e9quipes des \u00e9tablissements et services m\u00e9dico-sociaux \u00ab classiques \u00bb m\u00eame lorsqu\u2019ils sont sp\u00e9cialis\u00e9s dans les TSA, notamment en raison de l\u2019\u00e9chec des strat\u00e9gies \u00e9ducatives d\u2019apprentissage de comportements adapt\u00e9s. \u00bb<br><br>6 places d\u2019Accueil de Jour (AJ) destin\u00e9es \u00e0 l\u2019accueil de jeunes adultes qui \u00e9taient en Amendement CRETON dans les IME du d\u00e9partement et pr\u00e9sentant \u00e9galement des troubles psychiques et\/ou un TSA.<br><br>24 places en file active de MAS \u00ab hors murs \u00bb (MHM) co-port\u00e9e avec une autre association (12 places par organisme gestionnaire). Ce dispositif propose un accompagnement m\u00e9dico-\u00e9ducatif \u00e0 des adultes en situation de handicap psychique en attente d\u2019admission en ESMS, ou ayant fait le choix de rester \u00e0 domicile tout en n\u00e9cessitant un accompagnement soutenu.<br>Le public accueilli est caract\u00e9ris\u00e9 de \u00ab complexe \u00bb de part les troubles associ\u00e9s au handicap psychique (TSA, syndr\u00f4me g\u00e9n\u00e9tique, pluri-handicaps, trouble du comportement\u2026) n\u00e9cessitant une expertise importante des professionnels qui y interviennent.<\/p>\n\n\n\n<p><\/p>\n","protected":false},"excerpt":{"rendered":"<p>L\u2019\u00e9tablissement a ouvert ses portes en mars 2024, \u00e0 la suite d\u2019un appel \u00e0 projets lanc\u00e9 en 2022 par l\u2019ARS &hellip; <\/p>\n","protected":false},"author":2,"featured_media":0,"parent":0,"menu_order":0,"comment_status":"closed","ping_status":"closed","template":"","meta":{"_uf_show_specific_survey":0,"_uf_disable_surveys":false,"footnotes":""},"class_list":["post-30","page","type-page","status-publish","hentry"],"yoast_head":"<!-- This site is optimized with the Yoast SEO plugin v27.3 - https:\/\/yoast.com\/product\/yoast-seo-wordpress\/ -->\n<title>PEP 06 \u2013 Pupilles de l\u2019Enseignement Public des Alpes Maritimes<\/title>\n<meta name=\"description\" content=\"Pour une soci\u00e9t\u00e9 plus inclusive, l\u2019association PEP 06 g\u00e8re 3 instituts m\u00e9dico-sociaux, 1 centre de sant\u00e9, 2 services, 1 maison de sant\u00e9, 1 centre de montagne.\" \/>\n<meta name=\"robots\" content=\"index, follow, max-snippet:-1, max-image-preview:large, max-video-preview:-1\" \/>\n<link rel=\"canonical\" href=\"https:\/\/www.pep06.fr\/lamaioun\/\" \/>\n<meta property=\"og:locale\" content=\"fr_FR\" \/>\n<meta property=\"og:type\" content=\"article\" \/>\n<meta property=\"og:title\" content=\"PEP 06 \u2013 Pupilles de l\u2019Enseignement Public des Alpes Maritimes\" \/>\n<meta property=\"og:description\" content=\"Pour une soci\u00e9t\u00e9 plus inclusive, l\u2019association PEP 06 g\u00e8re 3 instituts m\u00e9dico-sociaux, 1 centre de sant\u00e9, 2 services, 1 maison de sant\u00e9, 1 centre de montagne.\" \/>\n<meta property=\"og:url\" content=\"https:\/\/www.pep06.fr\/lamaioun\/\" \/>\n<meta property=\"og:site_name\" content=\"La Maioun de Vence\" \/>\n<meta property=\"article:publisher\" content=\"https:\/\/www.facebook.com\/ADPEP06\" \/>\n<meta property=\"article:modified_time\" content=\"2026-02-23T14:24:22+00:00\" \/>\n<meta name=\"twitter:card\" content=\"summary_large_image\" \/>\n<meta name=\"twitter:label1\" content=\"Dur\u00e9e de lecture estim\u00e9e\" \/>\n\t<meta name=\"twitter:data1\" content=\"3 minutes\" \/>\n<script type=\"application\/ld+json\" class=\"yoast-schema-graph\">{\"@context\":\"https:\\\/\\\/schema.org\",\"@graph\":[{\"@type\":\"WebPage\",\"@id\":\"https:\\\/\\\/www.pep06.fr\\\/lamaioun\\\/\",\"url\":\"https:\\\/\\\/www.pep06.fr\\\/lamaioun\\\/\",\"name\":\"PEP 06 \u2013 Pupilles de l\u2019Enseignement Public des Alpes Maritimes\",\"isPartOf\":{\"@id\":\"https:\\\/\\\/www.pep06.fr\\\/lamaioun\\\/#website\"},\"datePublished\":\"2026-02-23T13:03:06+00:00\",\"dateModified\":\"2026-02-23T14:24:22+00:00\",\"description\":\"Pour une soci\u00e9t\u00e9 plus inclusive, l\u2019association PEP 06 g\u00e8re 3 instituts m\u00e9dico-sociaux, 1 centre de sant\u00e9, 2 services, 1 maison de sant\u00e9, 1 centre de montagne.\",\"breadcrumb\":{\"@id\":\"https:\\\/\\\/www.pep06.fr\\\/lamaioun\\\/#breadcrumb\"},\"inLanguage\":\"fr-FR\",\"potentialAction\":[{\"@type\":\"ReadAction\",\"target\":[\"https:\\\/\\\/www.pep06.fr\\\/lamaioun\\\/\"]}]},{\"@type\":\"BreadcrumbList\",\"@id\":\"https:\\\/\\\/www.pep06.fr\\\/lamaioun\\\/#breadcrumb\",\"itemListElement\":[{\"@type\":\"ListItem\",\"position\":1,\"name\":\"Accueil\",\"item\":\"https:\\\/\\\/www.pep06.fr\\\/lamaioun\\\/\"},{\"@type\":\"ListItem\",\"position\":2,\"name\":\"Fiche identit\u00e9 de l&rsquo;\u00e9tablissement\"}]},{\"@type\":\"WebSite\",\"@id\":\"https:\\\/\\\/www.pep06.fr\\\/lamaioun\\\/#website\",\"url\":\"https:\\\/\\\/www.pep06.fr\\\/lamaioun\\\/\",\"name\":\"La Maioun de Vence\",\"description\":\"\",\"publisher\":{\"@id\":\"https:\\\/\\\/www.pep06.fr\\\/lamaioun\\\/#organization\"},\"potentialAction\":[{\"@type\":\"SearchAction\",\"target\":{\"@type\":\"EntryPoint\",\"urlTemplate\":\"https:\\\/\\\/www.pep06.fr\\\/lamaioun\\\/?s={search_term_string}\"},\"query-input\":{\"@type\":\"PropertyValueSpecification\",\"valueRequired\":true,\"valueName\":\"search_term_string\"}}],\"inLanguage\":\"fr-FR\"},{\"@type\":\"Organization\",\"@id\":\"https:\\\/\\\/www.pep06.fr\\\/lamaioun\\\/#organization\",\"name\":\"PEP 06\",\"url\":\"https:\\\/\\\/www.pep06.fr\\\/lamaioun\\\/\",\"logo\":{\"@type\":\"ImageObject\",\"inLanguage\":\"fr-FR\",\"@id\":\"https:\\\/\\\/www.pep06.fr\\\/lamaioun\\\/#\\\/schema\\\/logo\\\/image\\\/\",\"url\":\"https:\\\/\\\/www.pep06.fr\\\/wp-content\\\/uploads\\\/2015\\\/11\\\/Logo-PEP06.png\",\"contentUrl\":\"https:\\\/\\\/www.pep06.fr\\\/wp-content\\\/uploads\\\/2015\\\/11\\\/Logo-PEP06.png\",\"width\":915,\"height\":915,\"caption\":\"PEP 06\"},\"image\":{\"@id\":\"https:\\\/\\\/www.pep06.fr\\\/lamaioun\\\/#\\\/schema\\\/logo\\\/image\\\/\"},\"sameAs\":[\"https:\\\/\\\/www.facebook.com\\\/ADPEP06\"]}]}<\/script>\n<!-- \/ Yoast SEO plugin. -->","yoast_head_json":{"title":"PEP 06 \u2013 Pupilles de l\u2019Enseignement Public des Alpes Maritimes","description":"Pour une soci\u00e9t\u00e9 plus inclusive, l\u2019association PEP 06 g\u00e8re 3 instituts m\u00e9dico-sociaux, 1 centre de sant\u00e9, 2 services, 1 maison de sant\u00e9, 1 centre de montagne.","robots":{"index":"index","follow":"follow","max-snippet":"max-snippet:-1","max-image-preview":"max-image-preview:large","max-video-preview":"max-video-preview:-1"},"canonical":"https:\/\/www.pep06.fr\/lamaioun\/","og_locale":"fr_FR","og_type":"article","og_title":"PEP 06 \u2013 Pupilles de l\u2019Enseignement Public des Alpes Maritimes","og_description":"Pour une soci\u00e9t\u00e9 plus inclusive, l\u2019association PEP 06 g\u00e8re 3 instituts m\u00e9dico-sociaux, 1 centre de sant\u00e9, 2 services, 1 maison de sant\u00e9, 1 centre de montagne.","og_url":"https:\/\/www.pep06.fr\/lamaioun\/","og_site_name":"La Maioun de Vence","article_publisher":"https:\/\/www.facebook.com\/ADPEP06","article_modified_time":"2026-02-23T14:24:22+00:00","twitter_card":"summary_large_image","twitter_misc":{"Dur\u00e9e de lecture estim\u00e9e":"3 minutes"},"schema":{"@context":"https:\/\/schema.org","@graph":[{"@type":"WebPage","@id":"https:\/\/www.pep06.fr\/lamaioun\/","url":"https:\/\/www.pep06.fr\/lamaioun\/","name":"PEP 06 \u2013 Pupilles de l\u2019Enseignement Public des Alpes Maritimes","isPartOf":{"@id":"https:\/\/www.pep06.fr\/lamaioun\/#website"},"datePublished":"2026-02-23T13:03:06+00:00","dateModified":"2026-02-23T14:24:22+00:00","description":"Pour une soci\u00e9t\u00e9 plus inclusive, l\u2019association PEP 06 g\u00e8re 3 instituts m\u00e9dico-sociaux, 1 centre de sant\u00e9, 2 services, 1 maison de sant\u00e9, 1 centre de montagne.","breadcrumb":{"@id":"https:\/\/www.pep06.fr\/lamaioun\/#breadcrumb"},"inLanguage":"fr-FR","potentialAction":[{"@type":"ReadAction","target":["https:\/\/www.pep06.fr\/lamaioun\/"]}]},{"@type":"BreadcrumbList","@id":"https:\/\/www.pep06.fr\/lamaioun\/#breadcrumb","itemListElement":[{"@type":"ListItem","position":1,"name":"Accueil","item":"https:\/\/www.pep06.fr\/lamaioun\/"},{"@type":"ListItem","position":2,"name":"Fiche identit\u00e9 de l&rsquo;\u00e9tablissement"}]},{"@type":"WebSite","@id":"https:\/\/www.pep06.fr\/lamaioun\/#website","url":"https:\/\/www.pep06.fr\/lamaioun\/","name":"La Maioun de Vence","description":"","publisher":{"@id":"https:\/\/www.pep06.fr\/lamaioun\/#organization"},"potentialAction":[{"@type":"SearchAction","target":{"@type":"EntryPoint","urlTemplate":"https:\/\/www.pep06.fr\/lamaioun\/?s={search_term_string}"},"query-input":{"@type":"PropertyValueSpecification","valueRequired":true,"valueName":"search_term_string"}}],"inLanguage":"fr-FR"},{"@type":"Organization","@id":"https:\/\/www.pep06.fr\/lamaioun\/#organization","name":"PEP 06","url":"https:\/\/www.pep06.fr\/lamaioun\/","logo":{"@type":"ImageObject","inLanguage":"fr-FR","@id":"https:\/\/www.pep06.fr\/lamaioun\/#\/schema\/logo\/image\/","url":"https:\/\/www.pep06.fr\/wp-content\/uploads\/2015\/11\/Logo-PEP06.png","contentUrl":"https:\/\/www.pep06.fr\/wp-content\/uploads\/2015\/11\/Logo-PEP06.png","width":915,"height":915,"caption":"PEP 06"},"image":{"@id":"https:\/\/www.pep06.fr\/lamaioun\/#\/schema\/logo\/image\/"},"sameAs":["https:\/\/www.facebook.com\/ADPEP06"]}]}},"jetpack_sharing_enabled":true,"_links":{"self":[{"href":"https:\/\/www.pep06.fr\/lamaioun\/wp-json\/wp\/v2\/pages\/30","targetHints":{"allow":["GET"]}}],"collection":[{"href":"https:\/\/www.pep06.fr\/lamaioun\/wp-json\/wp\/v2\/pages"}],"about":[{"href":"https:\/\/www.pep06.fr\/lamaioun\/wp-json\/wp\/v2\/types\/page"}],"author":[{"embeddable":true,"href":"https:\/\/www.pep06.fr\/lamaioun\/wp-json\/wp\/v2\/users\/2"}],"replies":[{"embeddable":true,"href":"https:\/\/www.pep06.fr\/lamaioun\/wp-json\/wp\/v2\/comments?post=30"}],"version-history":[{"count":9,"href":"https:\/\/www.pep06.fr\/lamaioun\/wp-json\/wp\/v2\/pages\/30\/revisions"}],"predecessor-version":[{"id":61,"href":"https:\/\/www.pep06.fr\/lamaioun\/wp-json\/wp\/v2\/pages\/30\/revisions\/61"}],"wp:attachment":[{"href":"https:\/\/www.pep06.fr\/lamaioun\/wp-json\/wp\/v2\/media?parent=30"}],"curies":[{"name":"wp","href":"https:\/\/api.w.org\/{rel}","templated":true}]}}