{"id":47,"date":"2026-02-23T14:51:58","date_gmt":"2026-02-23T13:51:58","guid":{"rendered":"https:\/\/www.pep06.fr\/lamaioun\/?page_id=47"},"modified":"2026-02-23T15:56:11","modified_gmt":"2026-02-23T14:56:11","slug":"nos-articles","status":"publish","type":"page","link":"https:\/\/www.pep06.fr\/lamaioun\/nos-articles\/","title":{"rendered":"Accessibilit\u00e9"},"content":{"rendered":"\n<p>L\u2019\u00e9tablissement est accessible en voiture.<br>Il est accessible par les transports en commun, par les bus n\u00b0 09, 655, NVN3<\/p>\n\n\n\n<ul class=\"wp-block-list\">\n<li>arr\u00eat \u00e0 la station square Maliver<\/li>\n\n\n\n<li>puis 2 mn de marche.<\/li>\n<\/ul>\n\n\n\n<p>Accessibilit\u00e9 :<br>Les b\u00e2timents sont totalement accessibles aux personnes \u00e0 mobilit\u00e9 r\u00e9duite. L\u2019ensemble des rendez-vous peut \u00eatre assur\u00e9 dans des lieux accessibles et des espaces d\u00e9di\u00e9s.<br>Les \u00e9quipes de la MAS \u00ab hors murs \u00bb se d\u00e9placent \u00e9galement au plus pr\u00e8s des besoins des jeunes et de leurs familles.<\/p>\n\n\n\n<p><\/p>\n","protected":false},"excerpt":{"rendered":"<p>L\u2019\u00e9tablissement est accessible en voiture.Il est accessible par les transports en commun, par les bus n\u00b0 09, 655, NVN3 Accessibilit\u00e9 &hellip; <\/p>\n","protected":false},"author":2,"featured_media":0,"parent":0,"menu_order":0,"comment_status":"closed","ping_status":"closed","template":"","meta":{"_uf_show_specific_survey":0,"_uf_disable_surveys":false,"footnotes":""},"class_list":["post-47","page","type-page","status-publish","hentry"],"yoast_head":"<!-- This site is optimized with the Yoast SEO plugin v27.3 - https:\/\/yoast.com\/product\/yoast-seo-wordpress\/ -->\n<title>PEP 06 \u2013 Pupilles de l\u2019Enseignement Public des Alpes Maritimes<\/title>\n<meta name=\"description\" content=\"Pour une soci\u00e9t\u00e9 plus inclusive, l\u2019association PEP 06 g\u00e8re 3 instituts m\u00e9dico-sociaux, 1 centre de sant\u00e9, 2 services, 1 maison de sant\u00e9, 1 centre de montagne.\" \/>\n<meta name=\"robots\" content=\"index, follow, max-snippet:-1, max-image-preview:large, max-video-preview:-1\" \/>\n<link rel=\"canonical\" href=\"https:\/\/www.pep06.fr\/lamaioun\/nos-articles\/\" \/>\n<meta property=\"og:locale\" content=\"fr_FR\" \/>\n<meta property=\"og:type\" content=\"article\" \/>\n<meta property=\"og:title\" content=\"PEP 06 \u2013 Pupilles de l\u2019Enseignement Public des Alpes Maritimes\" \/>\n<meta property=\"og:description\" content=\"Pour une soci\u00e9t\u00e9 plus inclusive, l\u2019association PEP 06 g\u00e8re 3 instituts m\u00e9dico-sociaux, 1 centre de sant\u00e9, 2 services, 1 maison de sant\u00e9, 1 centre de montagne.\" \/>\n<meta property=\"og:url\" content=\"https:\/\/www.pep06.fr\/lamaioun\/nos-articles\/\" \/>\n<meta property=\"og:site_name\" content=\"La Maioun de Vence\" \/>\n<meta property=\"article:publisher\" content=\"https:\/\/www.facebook.com\/ADPEP06\" \/>\n<meta property=\"article:modified_time\" content=\"2026-02-23T14:56:11+00:00\" \/>\n<meta name=\"twitter:card\" content=\"summary_large_image\" \/>\n<meta name=\"twitter:label1\" content=\"Dur\u00e9e de lecture estim\u00e9e\" \/>\n\t<meta name=\"twitter:data1\" content=\"1 minute\" \/>\n<script type=\"application\/ld+json\" class=\"yoast-schema-graph\">{\"@context\":\"https:\\\/\\\/schema.org\",\"@graph\":[{\"@type\":\"WebPage\",\"@id\":\"https:\\\/\\\/www.pep06.fr\\\/lamaioun\\\/nos-articles\\\/\",\"url\":\"https:\\\/\\\/www.pep06.fr\\\/lamaioun\\\/nos-articles\\\/\",\"name\":\"PEP 06 \u2013 Pupilles de l\u2019Enseignement Public des Alpes Maritimes\",\"isPartOf\":{\"@id\":\"https:\\\/\\\/www.pep06.fr\\\/lamaioun\\\/#website\"},\"datePublished\":\"2026-02-23T13:51:58+00:00\",\"dateModified\":\"2026-02-23T14:56:11+00:00\",\"description\":\"Pour une soci\u00e9t\u00e9 plus inclusive, l\u2019association PEP 06 g\u00e8re 3 instituts m\u00e9dico-sociaux, 1 centre de sant\u00e9, 2 services, 1 maison de sant\u00e9, 1 centre de montagne.\",\"breadcrumb\":{\"@id\":\"https:\\\/\\\/www.pep06.fr\\\/lamaioun\\\/nos-articles\\\/#breadcrumb\"},\"inLanguage\":\"fr-FR\",\"potentialAction\":[{\"@type\":\"ReadAction\",\"target\":[\"https:\\\/\\\/www.pep06.fr\\\/lamaioun\\\/nos-articles\\\/\"]}]},{\"@type\":\"BreadcrumbList\",\"@id\":\"https:\\\/\\\/www.pep06.fr\\\/lamaioun\\\/nos-articles\\\/#breadcrumb\",\"itemListElement\":[{\"@type\":\"ListItem\",\"position\":1,\"name\":\"Accueil\",\"item\":\"https:\\\/\\\/www.pep06.fr\\\/lamaioun\\\/\"},{\"@type\":\"ListItem\",\"position\":2,\"name\":\"Accessibilit\u00e9\"}]},{\"@type\":\"WebSite\",\"@id\":\"https:\\\/\\\/www.pep06.fr\\\/lamaioun\\\/#website\",\"url\":\"https:\\\/\\\/www.pep06.fr\\\/lamaioun\\\/\",\"name\":\"La Maioun de Vence\",\"description\":\"\",\"publisher\":{\"@id\":\"https:\\\/\\\/www.pep06.fr\\\/lamaioun\\\/#organization\"},\"potentialAction\":[{\"@type\":\"SearchAction\",\"target\":{\"@type\":\"EntryPoint\",\"urlTemplate\":\"https:\\\/\\\/www.pep06.fr\\\/lamaioun\\\/?s={search_term_string}\"},\"query-input\":{\"@type\":\"PropertyValueSpecification\",\"valueRequired\":true,\"valueName\":\"search_term_string\"}}],\"inLanguage\":\"fr-FR\"},{\"@type\":\"Organization\",\"@id\":\"https:\\\/\\\/www.pep06.fr\\\/lamaioun\\\/#organization\",\"name\":\"PEP 06\",\"url\":\"https:\\\/\\\/www.pep06.fr\\\/lamaioun\\\/\",\"logo\":{\"@type\":\"ImageObject\",\"inLanguage\":\"fr-FR\",\"@id\":\"https:\\\/\\\/www.pep06.fr\\\/lamaioun\\\/#\\\/schema\\\/logo\\\/image\\\/\",\"url\":\"https:\\\/\\\/www.pep06.fr\\\/wp-content\\\/uploads\\\/2015\\\/11\\\/Logo-PEP06.png\",\"contentUrl\":\"https:\\\/\\\/www.pep06.fr\\\/wp-content\\\/uploads\\\/2015\\\/11\\\/Logo-PEP06.png\",\"width\":915,\"height\":915,\"caption\":\"PEP 06\"},\"image\":{\"@id\":\"https:\\\/\\\/www.pep06.fr\\\/lamaioun\\\/#\\\/schema\\\/logo\\\/image\\\/\"},\"sameAs\":[\"https:\\\/\\\/www.facebook.com\\\/ADPEP06\"]}]}<\/script>\n<!-- \/ Yoast SEO plugin. -->","yoast_head_json":{"title":"PEP 06 \u2013 Pupilles de l\u2019Enseignement Public des Alpes Maritimes","description":"Pour une soci\u00e9t\u00e9 plus inclusive, l\u2019association PEP 06 g\u00e8re 3 instituts m\u00e9dico-sociaux, 1 centre de sant\u00e9, 2 services, 1 maison de sant\u00e9, 1 centre de montagne.","robots":{"index":"index","follow":"follow","max-snippet":"max-snippet:-1","max-image-preview":"max-image-preview:large","max-video-preview":"max-video-preview:-1"},"canonical":"https:\/\/www.pep06.fr\/lamaioun\/nos-articles\/","og_locale":"fr_FR","og_type":"article","og_title":"PEP 06 \u2013 Pupilles de l\u2019Enseignement Public des Alpes Maritimes","og_description":"Pour une soci\u00e9t\u00e9 plus inclusive, l\u2019association PEP 06 g\u00e8re 3 instituts m\u00e9dico-sociaux, 1 centre de sant\u00e9, 2 services, 1 maison de sant\u00e9, 1 centre de montagne.","og_url":"https:\/\/www.pep06.fr\/lamaioun\/nos-articles\/","og_site_name":"La Maioun de Vence","article_publisher":"https:\/\/www.facebook.com\/ADPEP06","article_modified_time":"2026-02-23T14:56:11+00:00","twitter_card":"summary_large_image","twitter_misc":{"Dur\u00e9e de lecture estim\u00e9e":"1 minute"},"schema":{"@context":"https:\/\/schema.org","@graph":[{"@type":"WebPage","@id":"https:\/\/www.pep06.fr\/lamaioun\/nos-articles\/","url":"https:\/\/www.pep06.fr\/lamaioun\/nos-articles\/","name":"PEP 06 \u2013 Pupilles de l\u2019Enseignement Public des Alpes Maritimes","isPartOf":{"@id":"https:\/\/www.pep06.fr\/lamaioun\/#website"},"datePublished":"2026-02-23T13:51:58+00:00","dateModified":"2026-02-23T14:56:11+00:00","description":"Pour une soci\u00e9t\u00e9 plus inclusive, l\u2019association PEP 06 g\u00e8re 3 instituts m\u00e9dico-sociaux, 1 centre de sant\u00e9, 2 services, 1 maison de sant\u00e9, 1 centre de montagne.","breadcrumb":{"@id":"https:\/\/www.pep06.fr\/lamaioun\/nos-articles\/#breadcrumb"},"inLanguage":"fr-FR","potentialAction":[{"@type":"ReadAction","target":["https:\/\/www.pep06.fr\/lamaioun\/nos-articles\/"]}]},{"@type":"BreadcrumbList","@id":"https:\/\/www.pep06.fr\/lamaioun\/nos-articles\/#breadcrumb","itemListElement":[{"@type":"ListItem","position":1,"name":"Accueil","item":"https:\/\/www.pep06.fr\/lamaioun\/"},{"@type":"ListItem","position":2,"name":"Accessibilit\u00e9"}]},{"@type":"WebSite","@id":"https:\/\/www.pep06.fr\/lamaioun\/#website","url":"https:\/\/www.pep06.fr\/lamaioun\/","name":"La Maioun de Vence","description":"","publisher":{"@id":"https:\/\/www.pep06.fr\/lamaioun\/#organization"},"potentialAction":[{"@type":"SearchAction","target":{"@type":"EntryPoint","urlTemplate":"https:\/\/www.pep06.fr\/lamaioun\/?s={search_term_string}"},"query-input":{"@type":"PropertyValueSpecification","valueRequired":true,"valueName":"search_term_string"}}],"inLanguage":"fr-FR"},{"@type":"Organization","@id":"https:\/\/www.pep06.fr\/lamaioun\/#organization","name":"PEP 06","url":"https:\/\/www.pep06.fr\/lamaioun\/","logo":{"@type":"ImageObject","inLanguage":"fr-FR","@id":"https:\/\/www.pep06.fr\/lamaioun\/#\/schema\/logo\/image\/","url":"https:\/\/www.pep06.fr\/wp-content\/uploads\/2015\/11\/Logo-PEP06.png","contentUrl":"https:\/\/www.pep06.fr\/wp-content\/uploads\/2015\/11\/Logo-PEP06.png","width":915,"height":915,"caption":"PEP 06"},"image":{"@id":"https:\/\/www.pep06.fr\/lamaioun\/#\/schema\/logo\/image\/"},"sameAs":["https:\/\/www.facebook.com\/ADPEP06"]}]}},"jetpack_sharing_enabled":true,"_links":{"self":[{"href":"https:\/\/www.pep06.fr\/lamaioun\/wp-json\/wp\/v2\/pages\/47","targetHints":{"allow":["GET"]}}],"collection":[{"href":"https:\/\/www.pep06.fr\/lamaioun\/wp-json\/wp\/v2\/pages"}],"about":[{"href":"https:\/\/www.pep06.fr\/lamaioun\/wp-json\/wp\/v2\/types\/page"}],"author":[{"embeddable":true,"href":"https:\/\/www.pep06.fr\/lamaioun\/wp-json\/wp\/v2\/users\/2"}],"replies":[{"embeddable":true,"href":"https:\/\/www.pep06.fr\/lamaioun\/wp-json\/wp\/v2\/comments?post=47"}],"version-history":[{"count":5,"href":"https:\/\/www.pep06.fr\/lamaioun\/wp-json\/wp\/v2\/pages\/47\/revisions"}],"predecessor-version":[{"id":68,"href":"https:\/\/www.pep06.fr\/lamaioun\/wp-json\/wp\/v2\/pages\/47\/revisions\/68"}],"wp:attachment":[{"href":"https:\/\/www.pep06.fr\/lamaioun\/wp-json\/wp\/v2\/media?parent=47"}],"curies":[{"name":"wp","href":"https:\/\/api.w.org\/{rel}","templated":true}]}}