{"id":217,"date":"2015-11-27T16:08:12","date_gmt":"2015-11-27T15:08:12","guid":{"rendered":"http:\/\/www.pep06.fr\/rossetti\/?page_id=217"},"modified":"2015-12-02T15:19:18","modified_gmt":"2015-12-02T14:19:18","slug":"le-service-social","status":"publish","type":"page","link":"https:\/\/www.pep06.fr\/rossetti\/le-service-social\/","title":{"rendered":"Le service social"},"content":{"rendered":"<p>Le service social de l&rsquo;IEM Rossetti accompagne et informe les familles et les b\u00e9n\u00e9ficiaires.\u00a0Ses missions sont les suivantes:<\/p>\n<ul>\n<li><strong>Proposer<\/strong> aux familles qui le souhaitent de les accompagner lors de visites d\u2019\u00e9tablissements<\/li>\n<li><strong>Assurer<\/strong> une information, un conseil et un accompagnement concernant l\u2019ensemble des d\u00e9marches administratives (dossier d\u2019admission, suivi du dossier MDPH, changement de statut, pr\u00e9paration \u00e0 la sortie de l\u2019\u00e9tablissement, ouverture des droits \u00e0 une couverture sociale&#8230;)<\/li>\n<li><strong>Informer<\/strong> le b\u00e9n\u00e9ficiaire et ses proches sur leurs droits fondamentaux (allocations, aides diverses, protection sociale, aide au logement, aide juridictionnelle&#8230;)<\/li>\n<li><strong>Instruire<\/strong> un certain nombre de dossiers concernant le transport, l\u2019achat d\u2019aides techniques diverses, l\u2019am\u00e9nagement du domicile et du v\u00e9hicule, ou encore les d\u00e9parts en centres de vacances.<\/li>\n<li><strong>Assurer<\/strong> un r\u00f4le de r\u00e9f\u00e9rent dans l\u2019instruction des diff\u00e9rents dossiers aupr\u00e8s de l\u2019ensemble des partenaires : dossier d\u2019orientation (MDPH) ou de reconnaissance comme travailleur handicap\u00e9 (RQTH)<\/li>\n<li><strong>Proposer<\/strong> une aide \u00e0 la r\u00e9solution de situations sociales<\/li>\n<li><strong>Contribuer<\/strong> au service de suite des b\u00e9n\u00e9ficiaires apr\u00e8s leur sortie de l\u2019\u00e9tablissement<\/li>\n<\/ul>\n","protected":false},"excerpt":{"rendered":"<p>Le service social de l&rsquo;IEM Rossetti accompagne et informe les familles et les b\u00e9n\u00e9ficiaires.\u00a0Ses missions sont les suivantes: Proposer aux &hellip; <\/p>\n","protected":false},"author":1,"featured_media":0,"parent":0,"menu_order":0,"comment_status":"closed","ping_status":"closed","template":"page-no-breadcrumbs-full-width.php","meta":{"_uf_show_specific_survey":0,"_uf_disable_surveys":false,"footnotes":""},"class_list":["post-217","page","type-page","status-publish","hentry"],"yoast_head":"<!-- This site is optimized with the Yoast SEO plugin v27.6 - https:\/\/yoast.com\/product\/yoast-seo-wordpress\/ -->\n<title>Le service social - IEM Rossetti<\/title>\n<meta name=\"description\" content=\"Le service social de l&#039;IEM Rossetti accompagne et informe les familles et les b\u00e9n\u00e9ficiaires.\" \/>\n<meta name=\"robots\" content=\"index, follow, max-snippet:-1, max-image-preview:large, max-video-preview:-1\" \/>\n<link rel=\"canonical\" href=\"https:\/\/www.pep06.fr\/rossetti\/le-service-social\/\" \/>\n<meta property=\"og:locale\" content=\"fr_FR\" \/>\n<meta property=\"og:type\" content=\"article\" \/>\n<meta property=\"og:title\" content=\"Le service social - IEM Rossetti\" \/>\n<meta property=\"og:description\" content=\"Le service social de l&#039;IEM Rossetti accompagne et informe les familles et les b\u00e9n\u00e9ficiaires.\" \/>\n<meta property=\"og:url\" content=\"https:\/\/www.pep06.fr\/rossetti\/le-service-social\/\" \/>\n<meta property=\"og:site_name\" content=\"IEM Rossetti\" \/>\n<meta property=\"article:publisher\" content=\"https:\/\/www.facebook.com\/ADPEP06\" \/>\n<meta property=\"article:modified_time\" content=\"2015-12-02T14:19:18+00:00\" \/>\n<meta name=\"twitter:card\" content=\"summary_large_image\" \/>\n<meta name=\"twitter:label1\" content=\"Dur\u00e9e de lecture estim\u00e9e\" \/>\n\t<meta name=\"twitter:data1\" content=\"1 minute\" \/>\n<script type=\"application\/ld+json\" class=\"yoast-schema-graph\">{\"@context\":\"https:\\\/\\\/schema.org\",\"@graph\":[{\"@type\":\"WebPage\",\"@id\":\"https:\\\/\\\/www.pep06.fr\\\/rossetti\\\/le-service-social\\\/\",\"url\":\"https:\\\/\\\/www.pep06.fr\\\/rossetti\\\/le-service-social\\\/\",\"name\":\"Le service social - IEM Rossetti\",\"isPartOf\":{\"@id\":\"https:\\\/\\\/www.pep06.fr\\\/rossetti\\\/#website\"},\"datePublished\":\"2015-11-27T15:08:12+00:00\",\"dateModified\":\"2015-12-02T14:19:18+00:00\",\"description\":\"Le service social de l'IEM Rossetti accompagne et informe les familles et les b\u00e9n\u00e9ficiaires.\",\"breadcrumb\":{\"@id\":\"https:\\\/\\\/www.pep06.fr\\\/rossetti\\\/le-service-social\\\/#breadcrumb\"},\"inLanguage\":\"fr-FR\",\"potentialAction\":[{\"@type\":\"ReadAction\",\"target\":[\"https:\\\/\\\/www.pep06.fr\\\/rossetti\\\/le-service-social\\\/\"]}]},{\"@type\":\"BreadcrumbList\",\"@id\":\"https:\\\/\\\/www.pep06.fr\\\/rossetti\\\/le-service-social\\\/#breadcrumb\",\"itemListElement\":[{\"@type\":\"ListItem\",\"position\":1,\"name\":\"Accueil\",\"item\":\"https:\\\/\\\/www.pep06.fr\\\/rossetti\\\/\"},{\"@type\":\"ListItem\",\"position\":2,\"name\":\"Le service social\"}]},{\"@type\":\"WebSite\",\"@id\":\"https:\\\/\\\/www.pep06.fr\\\/rossetti\\\/#website\",\"url\":\"https:\\\/\\\/www.pep06.fr\\\/rossetti\\\/\",\"name\":\"IEM Rossetti\",\"description\":\"Le site de l&#039;IEM Rossetti des PEP 06\",\"publisher\":{\"@id\":\"https:\\\/\\\/www.pep06.fr\\\/rossetti\\\/#organization\"},\"potentialAction\":[{\"@type\":\"SearchAction\",\"target\":{\"@type\":\"EntryPoint\",\"urlTemplate\":\"https:\\\/\\\/www.pep06.fr\\\/rossetti\\\/?s={search_term_string}\"},\"query-input\":{\"@type\":\"PropertyValueSpecification\",\"valueRequired\":true,\"valueName\":\"search_term_string\"}}],\"inLanguage\":\"fr-FR\"},{\"@type\":\"Organization\",\"@id\":\"https:\\\/\\\/www.pep06.fr\\\/rossetti\\\/#organization\",\"name\":\"PEP 06\",\"url\":\"https:\\\/\\\/www.pep06.fr\\\/rossetti\\\/\",\"logo\":{\"@type\":\"ImageObject\",\"inLanguage\":\"fr-FR\",\"@id\":\"https:\\\/\\\/www.pep06.fr\\\/rossetti\\\/#\\\/schema\\\/logo\\\/image\\\/\",\"url\":\"https:\\\/\\\/www.pep06.fr\\\/rossetti\\\/wp-content\\\/uploads\\\/sites\\\/2\\\/2015\\\/11\\\/Logo-PEP06.png\",\"contentUrl\":\"https:\\\/\\\/www.pep06.fr\\\/rossetti\\\/wp-content\\\/uploads\\\/sites\\\/2\\\/2015\\\/11\\\/Logo-PEP06.png\",\"width\":915,\"height\":915,\"caption\":\"PEP 06\"},\"image\":{\"@id\":\"https:\\\/\\\/www.pep06.fr\\\/rossetti\\\/#\\\/schema\\\/logo\\\/image\\\/\"},\"sameAs\":[\"https:\\\/\\\/www.facebook.com\\\/ADPEP06\"]}]}<\/script>\n<!-- \/ Yoast SEO plugin. -->","yoast_head_json":{"title":"Le service social - IEM Rossetti","description":"Le service social de l'IEM Rossetti accompagne et informe les familles et les b\u00e9n\u00e9ficiaires.","robots":{"index":"index","follow":"follow","max-snippet":"max-snippet:-1","max-image-preview":"max-image-preview:large","max-video-preview":"max-video-preview:-1"},"canonical":"https:\/\/www.pep06.fr\/rossetti\/le-service-social\/","og_locale":"fr_FR","og_type":"article","og_title":"Le service social - IEM Rossetti","og_description":"Le service social de l'IEM Rossetti accompagne et informe les familles et les b\u00e9n\u00e9ficiaires.","og_url":"https:\/\/www.pep06.fr\/rossetti\/le-service-social\/","og_site_name":"IEM Rossetti","article_publisher":"https:\/\/www.facebook.com\/ADPEP06","article_modified_time":"2015-12-02T14:19:18+00:00","twitter_card":"summary_large_image","twitter_misc":{"Dur\u00e9e de lecture estim\u00e9e":"1 minute"},"schema":{"@context":"https:\/\/schema.org","@graph":[{"@type":"WebPage","@id":"https:\/\/www.pep06.fr\/rossetti\/le-service-social\/","url":"https:\/\/www.pep06.fr\/rossetti\/le-service-social\/","name":"Le service social - IEM Rossetti","isPartOf":{"@id":"https:\/\/www.pep06.fr\/rossetti\/#website"},"datePublished":"2015-11-27T15:08:12+00:00","dateModified":"2015-12-02T14:19:18+00:00","description":"Le service social de l'IEM Rossetti accompagne et informe les familles et les b\u00e9n\u00e9ficiaires.","breadcrumb":{"@id":"https:\/\/www.pep06.fr\/rossetti\/le-service-social\/#breadcrumb"},"inLanguage":"fr-FR","potentialAction":[{"@type":"ReadAction","target":["https:\/\/www.pep06.fr\/rossetti\/le-service-social\/"]}]},{"@type":"BreadcrumbList","@id":"https:\/\/www.pep06.fr\/rossetti\/le-service-social\/#breadcrumb","itemListElement":[{"@type":"ListItem","position":1,"name":"Accueil","item":"https:\/\/www.pep06.fr\/rossetti\/"},{"@type":"ListItem","position":2,"name":"Le service social"}]},{"@type":"WebSite","@id":"https:\/\/www.pep06.fr\/rossetti\/#website","url":"https:\/\/www.pep06.fr\/rossetti\/","name":"IEM Rossetti","description":"Le site de l&#039;IEM Rossetti des PEP 06","publisher":{"@id":"https:\/\/www.pep06.fr\/rossetti\/#organization"},"potentialAction":[{"@type":"SearchAction","target":{"@type":"EntryPoint","urlTemplate":"https:\/\/www.pep06.fr\/rossetti\/?s={search_term_string}"},"query-input":{"@type":"PropertyValueSpecification","valueRequired":true,"valueName":"search_term_string"}}],"inLanguage":"fr-FR"},{"@type":"Organization","@id":"https:\/\/www.pep06.fr\/rossetti\/#organization","name":"PEP 06","url":"https:\/\/www.pep06.fr\/rossetti\/","logo":{"@type":"ImageObject","inLanguage":"fr-FR","@id":"https:\/\/www.pep06.fr\/rossetti\/#\/schema\/logo\/image\/","url":"https:\/\/www.pep06.fr\/rossetti\/wp-content\/uploads\/sites\/2\/2015\/11\/Logo-PEP06.png","contentUrl":"https:\/\/www.pep06.fr\/rossetti\/wp-content\/uploads\/sites\/2\/2015\/11\/Logo-PEP06.png","width":915,"height":915,"caption":"PEP 06"},"image":{"@id":"https:\/\/www.pep06.fr\/rossetti\/#\/schema\/logo\/image\/"},"sameAs":["https:\/\/www.facebook.com\/ADPEP06"]}]}},"jetpack_sharing_enabled":true,"jetpack_shortlink":"https:\/\/wp.me\/P6ZrMM-3v","_links":{"self":[{"href":"https:\/\/www.pep06.fr\/rossetti\/wp-json\/wp\/v2\/pages\/217","targetHints":{"allow":["GET"]}}],"collection":[{"href":"https:\/\/www.pep06.fr\/rossetti\/wp-json\/wp\/v2\/pages"}],"about":[{"href":"https:\/\/www.pep06.fr\/rossetti\/wp-json\/wp\/v2\/types\/page"}],"author":[{"embeddable":true,"href":"https:\/\/www.pep06.fr\/rossetti\/wp-json\/wp\/v2\/users\/1"}],"replies":[{"embeddable":true,"href":"https:\/\/www.pep06.fr\/rossetti\/wp-json\/wp\/v2\/comments?post=217"}],"version-history":[{"count":2,"href":"https:\/\/www.pep06.fr\/rossetti\/wp-json\/wp\/v2\/pages\/217\/revisions"}],"predecessor-version":[{"id":292,"href":"https:\/\/www.pep06.fr\/rossetti\/wp-json\/wp\/v2\/pages\/217\/revisions\/292"}],"wp:attachment":[{"href":"https:\/\/www.pep06.fr\/rossetti\/wp-json\/wp\/v2\/media?parent=217"}],"curies":[{"name":"wp","href":"https:\/\/api.w.org\/{rel}","templated":true}]}}