{"id":219,"date":"2015-11-27T16:13:24","date_gmt":"2015-11-27T15:13:24","guid":{"rendered":"http:\/\/www.pep06.fr\/rossetti\/?page_id=219"},"modified":"2015-12-02T15:18:22","modified_gmt":"2015-12-02T14:18:22","slug":"le-service-pedagogique-et-educatif","status":"publish","type":"page","link":"https:\/\/www.pep06.fr\/rossetti\/le-service-pedagogique-et-educatif\/","title":{"rendered":"Le service p\u00e9dagogique et \u00e9ducatif"},"content":{"rendered":"<p>Le service p\u00e9dagogique et \u00e9ducatif de l&rsquo;IEM Rossetti\u00a0assure la scolarisation des enfants et organise diverses animations au cours de l&rsquo;ann\u00e9e scolaire.<\/p>\n<p><img loading=\"lazy\" decoding=\"async\" data-attachment-id=\"289\" data-permalink=\"https:\/\/www.pep06.fr\/rossetti\/le-service-pedagogique-et-educatif\/rossetti-classe-bandeau\/\" data-orig-file=\"https:\/\/www.pep06.fr\/rossetti\/wp-content\/uploads\/sites\/2\/2015\/11\/rossetti-classe-bandeau.jpg\" data-orig-size=\"2047,596\" data-comments-opened=\"1\" data-image-meta=\"{&quot;aperture&quot;:&quot;0&quot;,&quot;credit&quot;:&quot;&quot;,&quot;camera&quot;:&quot;&quot;,&quot;caption&quot;:&quot;&quot;,&quot;created_timestamp&quot;:&quot;0&quot;,&quot;copyright&quot;:&quot;&quot;,&quot;focal_length&quot;:&quot;0&quot;,&quot;iso&quot;:&quot;0&quot;,&quot;shutter_speed&quot;:&quot;0&quot;,&quot;title&quot;:&quot;&quot;,&quot;orientation&quot;:&quot;0&quot;}\" data-image-title=\"Une classe de l&amp;rsquo;IEM Rossetti (Bandeau)\" data-image-description=\"&lt;p&gt;Une classe de l&amp;rsquo;IEM Rossetti (Bandeau)&lt;\/p&gt;\n\" data-image-caption=\"&lt;p&gt;Une classe de l&amp;rsquo;IEM Rossetti (Bandeau)&lt;\/p&gt;\n\" data-large-file=\"https:\/\/www.pep06.fr\/rossetti\/wp-content\/uploads\/sites\/2\/2015\/11\/rossetti-classe-bandeau-1024x298.jpg\" class=\"aligncenter wp-image-289\" src=\"http:\/\/www.pep06.fr\/rossetti\/wp-content\/uploads\/sites\/2\/2015\/11\/rossetti-classe-bandeau-1024x298.jpg\" alt=\"Une classe de l'IEM Rossetti (Bandeau)\" width=\"1280\" height=\"373\" srcset=\"https:\/\/www.pep06.fr\/rossetti\/wp-content\/uploads\/sites\/2\/2015\/11\/rossetti-classe-bandeau-1024x298.jpg 1024w, https:\/\/www.pep06.fr\/rossetti\/wp-content\/uploads\/sites\/2\/2015\/11\/rossetti-classe-bandeau-300x87.jpg 300w, https:\/\/www.pep06.fr\/rossetti\/wp-content\/uploads\/sites\/2\/2015\/11\/rossetti-classe-bandeau.jpg 2047w\" sizes=\"auto, (max-width: 1280px) 100vw, 1280px\" \/><\/p>\n<p><div class=\"responsive-tabs\">\n<h2 class=\"tabtitle\">L'\u00e9cole<\/h2>\n<div class=\"tabcontent\">\n<!-- -->L&rsquo;\u00e9cole est pr\u00e9sente dans notre institut et tous les enfants sont scolaris\u00e9s.<\/p>\n<p>Chaque jeune b\u00e9n\u00e9ficie d\u2019une scolarit\u00e9 am\u00e9nag\u00e9e prenant en compte ses capacit\u00e9s scolaires, ses besoins \u00e9ducatifs, m\u00e9dicaux, param\u00e9dicaux et psychologiques. Ainsi, la dur\u00e9e et la fr\u00e9quence des temps scolaires sont fonction de chaque b\u00e9n\u00e9ficiaire.<\/p>\n<p>L\u2019enseignement suit les programmes scolaires d\u00e9finis par l\u2019Education Nationale qui sont n\u00e9cessairement adapt\u00e9s au projet personnalis\u00e9 de l\u2019\u00e9l\u00e8ve :<\/p>\n<ul>\n<li>soit une formation \u00e0 vis\u00e9e professionnelle avec pr\u00e9paration du Certificat de Formation G\u00e9n\u00e9rale (CFG)<\/li>\n<li>soit une poursuite de la scolarit\u00e9 dans l\u2019enseignement secondaire<\/li>\n<\/ul>\n<p>La scolarisation peut prendre les formes suivantes :<\/p>\n<ul>\n<li>Dans l\u2019\u00e9cole ouverte au sein du semi internat de notre Institut ;<\/li>\n<li>En milieu ordinaire \u00e0 temps complet :\n<ul>\n<li>soit de mani\u00e8re individuelle avec le soutien du Service d\u2019Education Sp\u00e9ciale et de Soins \u00e0 Domicile (SESSAD)<\/li>\n<li>soit de mani\u00e8re collective au sein de la classe int\u00e9gr\u00e9e de notre Institut au coll\u00e8ge Victor Duruy<\/li>\n<\/ul>\n<\/li>\n<li>En milieu ordinaire \u00e0 temps partiel.<\/li>\n<li>Des conventions peuvent \u00e9galement \u00eatre pass\u00e9es avec des CFA, des lyc\u00e9es g\u00e9n\u00e9raux ou professionnels..<\/li>\n<\/ul>\n<p>\u00c0 l\u2019IEM, les enseignants sont tous des <strong>professeurs des \u00e9coles de l\u2019\u00c9ducation Nationale<\/strong>. <strong>L\u2019effectif des classes sp\u00e9cialis\u00e9es est r\u00e9duit<\/strong> afin de permettre un suivi qui compense les difficult\u00e9s rencontr\u00e9es par l\u2019\u00e9l\u00e8ve. Des <strong>aides diverses<\/strong> sont apport\u00e9es.<br \/>\n\n<\/div><h2 class=\"tabtitle\">Le semi-internat<\/h2>\n<div class=\"tabcontent\">\n<!-- -->Le semi-internat de l&rsquo;institut est divis\u00e9 en un p\u00f4le enfance, d\u00e9di\u00e9 \u00e0 la scolarisation des enfants de moins de 13 ans, et un p\u00f4le pr\u00e9adolescence et adolescence d\u00e9di\u00e9 aux b\u00e9n\u00e9ficiaires plus \u00e2g\u00e9s.<\/p>\n<h3>Le p\u00f4le enfance<\/h3>\n<p>Le p\u00f4le enfance est divis\u00e9 en\u00a0deux sections :<\/p>\n<ul>\n<li>Une <strong>section d\u2019\u00e9ducation et d\u2019enseignement sp\u00e9cialis\u00e9s<\/strong>, pour des enfants de 3 \u00e0 12 ans. Une convention est pass\u00e9e avec l\u2019Education Nationale qui met \u00e0 disposition des enseignants sp\u00e9cialis\u00e9s en :\n<ul>\n<li>Classe 1 (maternelle jusqu\u2019au CP-CE1)<\/li>\n<li>Classe 2 (du CP au CM)<\/li>\n<li>Classe 3 (du CE2 au CM2)<\/li>\n<\/ul>\n<\/li>\n<li>Une <strong>section d\u2019\u00e9ducation pour enfants d\u00e9ficients moteurs<\/strong> avec handicaps associ\u00e9s de 3 \u00e0 12 ans. Les activit\u00e9s privil\u00e9gient l\u2019\u00e9veil, les apprentissages de base, la scolarisation.<\/li>\n<\/ul>\n<p>Tous les enfants accueillis au p\u00f4le enfance sont scolaris\u00e9s soit dans les classes de l\u2019IEM soit dans leur \u00e9cole de r\u00e9f\u00e9rence ou dans une autre \u00e9cole ordinaire.<\/p>\n<h3>Le p\u00f4le pr\u00e9adolescence et adolescence<\/h3>\n<p>Le p\u00f4le pr\u00e9adolescence et adolescence est divis\u00e9 en quatre\u00a0sections :<\/p>\n<ul>\n<li>Une <strong>section d\u2019\u00e9ducation et d\u2019enseignement sp\u00e9cialis\u00e9s<\/strong> (Pr\u00e9paration au CFG)<\/li>\n<li>Une <strong>classe int\u00e9gr\u00e9e<\/strong> au Coll\u00e8ge Victor DURUY<\/li>\n<li>Deux <strong>Sections de Pr\u00e9paration \u00e0 la Vie Sociale<\/strong> (SPVS 1 et 2) pour des adolescents de 13 \u00e0 20 ans, qui en raison de l\u2019importance de leur d\u00e9ficience motrice et de troubles associ\u00e9s ne peuvent envisager une insertion professionnelle ou sociale.<br \/>\nTous les usagers de l\u2019institution accueillis sur des sections \u00e9ducatives b\u00e9n\u00e9ficient de soutien scolaire, par un enseignant sp\u00e9cialis\u00e9 mis \u00e0 disposition par l\u2019Education Nationale.<\/li>\n<li>Une <strong>section d\u2019Insertion socio-professionnelle<\/strong> qui accueille des adolescents de 14 \u00e0 20 ans dont le handicap et les capacit\u00e9s permettent d\u2019envisager un avenir \u00e0 caract\u00e8re professionnel soit en milieu prot\u00e9g\u00e9, soit en milieu ordinaire.<\/li>\n<\/ul>\n<p>\n<\/div><h2 class=\"tabtitle\">Les animations, sports et loisirs<\/h2>\n<div class=\"tabcontent\">\n<!-- -->L\u2019Institut organise des animations \u00e0 l\u2019occasion d\u2019Halloween, de No\u00ebl, de Carnaval et de P\u00e2ques. Nous organisons des f\u00eates lors d\u2019\u00e9v\u00e8nements marquants pour les usagers tels que les anniversaires, les d\u00e9parts de l\u2019IEM, les performances sportives ou culturelles.\u00a0Au d\u00e9but de l\u2019\u00e9t\u00e9, tous les parents sont convi\u00e9s \u00e0 notre f\u00eate de fin d\u2019ann\u00e9e.\u00a0Les groupes \u00e9ducatifs et les classes organisent \u00e9galement de courts s\u00e9jours et des transferts d\u2019\u00e9tablissement.<\/p>\n<p>L\u2019Etablissement propose \u00e0 ses b\u00e9n\u00e9ficiaires diverses activit\u00e9s de loisirs, ajust\u00e9es \u00e0 leurs go\u00fbts et \u00e0 leurs aspirations telles que des sorties au cin\u00e9ma ou au restaurant.\u00a0Des sorties \u00e0 la journ\u00e9e sont r\u00e9guli\u00e8rement propos\u00e9es. Il s\u2019agit de sorties champ\u00eatres, pique-niques, parcs aquatiques&#8230;<\/p>\n<p>Le sport tient une place importante dans notre \u00e9tablissement, principalement au semi-internat. Dans notre Institut, les usagers peuvent pratiquer en fonction de leur projet personnalis\u00e9 :<\/p>\n<ul>\n<li><strong>L\u2019escalade<\/strong>. Apr\u00e8s un apprentissage sur notre structure artificielle, des sorties en site naturel sous la conduite d\u2019un guide de haute montagne sont propos\u00e9es<\/li>\n<li><strong>Le ski<\/strong> et principalement le ski en fauteuil. Notre \u00e9tablissement disposant du mat\u00e9riel n\u00e9cessaire<\/li>\n<li><strong>La natation<\/strong> lors de s\u00e9ances en piscine municipale<\/li>\n<li><strong>La voile<\/strong> avec la possibilit\u00e9 d\u2019apprendre la navigation en solo \u2013 ou en double sur des trimarans sp\u00e9cialement con\u00e7us<\/li>\n<\/ul>\n<\/div><\/div>\n","protected":false},"excerpt":{"rendered":"<p>Le service p\u00e9dagogique et \u00e9ducatif de l&rsquo;IEM Rossetti\u00a0assure la scolarisation des enfants et organise diverses animations au cours de l&rsquo;ann\u00e9e &hellip; <\/p>\n","protected":false},"author":1,"featured_media":0,"parent":0,"menu_order":0,"comment_status":"closed","ping_status":"closed","template":"page-no-breadcrumbs-full-width.php","meta":{"_uf_show_specific_survey":0,"_uf_disable_surveys":false,"jetpack_post_was_ever_published":false,"footnotes":""},"class_list":["post-219","page","type-page","status-publish","hentry"],"yoast_head":"<!-- This site is optimized with the Yoast SEO plugin v27.4 - https:\/\/yoast.com\/product\/yoast-seo-wordpress\/ -->\n<title>Le service p\u00e9dagogique et \u00e9ducatif - IEM Rossetti<\/title>\n<meta name=\"description\" content=\"Le service p\u00e9dagogique et \u00e9ducatif de l&#039;IEM Rossetti\u00a0assure la scolarisation des enfants et organise diverses animations au cours de l&#039;ann\u00e9e scolaire.\" \/>\n<meta name=\"robots\" content=\"index, follow, max-snippet:-1, max-image-preview:large, max-video-preview:-1\" \/>\n<link rel=\"canonical\" href=\"https:\/\/www.pep06.fr\/rossetti\/le-service-pedagogique-et-educatif\/\" \/>\n<meta property=\"og:locale\" content=\"fr_FR\" \/>\n<meta property=\"og:type\" content=\"article\" \/>\n<meta property=\"og:title\" content=\"Le service p\u00e9dagogique et \u00e9ducatif - IEM Rossetti\" \/>\n<meta property=\"og:description\" content=\"Le service p\u00e9dagogique et \u00e9ducatif de l&#039;IEM Rossetti\u00a0assure la scolarisation des enfants et organise diverses animations au cours de l&#039;ann\u00e9e scolaire.\" \/>\n<meta property=\"og:url\" content=\"https:\/\/www.pep06.fr\/rossetti\/le-service-pedagogique-et-educatif\/\" \/>\n<meta property=\"og:site_name\" content=\"IEM Rossetti\" \/>\n<meta property=\"article:publisher\" content=\"https:\/\/www.facebook.com\/ADPEP06\" \/>\n<meta property=\"article:modified_time\" content=\"2015-12-02T14:18:22+00:00\" \/>\n<meta property=\"og:image\" content=\"http:\/\/www.pep06.fr\/rossetti\/wp-content\/uploads\/sites\/2\/2015\/11\/rossetti-classe-bandeau-1024x298.jpg\" \/>\n<meta name=\"twitter:card\" content=\"summary_large_image\" \/>\n<meta name=\"twitter:label1\" content=\"Dur\u00e9e de lecture estim\u00e9e\" \/>\n\t<meta name=\"twitter:data1\" content=\"4 minutes\" \/>\n<script type=\"application\/ld+json\" class=\"yoast-schema-graph\">{\"@context\":\"https:\\\/\\\/schema.org\",\"@graph\":[{\"@type\":\"WebPage\",\"@id\":\"https:\\\/\\\/www.pep06.fr\\\/rossetti\\\/le-service-pedagogique-et-educatif\\\/\",\"url\":\"https:\\\/\\\/www.pep06.fr\\\/rossetti\\\/le-service-pedagogique-et-educatif\\\/\",\"name\":\"Le service p\u00e9dagogique et \u00e9ducatif - IEM Rossetti\",\"isPartOf\":{\"@id\":\"https:\\\/\\\/www.pep06.fr\\\/rossetti\\\/#website\"},\"primaryImageOfPage\":{\"@id\":\"https:\\\/\\\/www.pep06.fr\\\/rossetti\\\/le-service-pedagogique-et-educatif\\\/#primaryimage\"},\"image\":{\"@id\":\"https:\\\/\\\/www.pep06.fr\\\/rossetti\\\/le-service-pedagogique-et-educatif\\\/#primaryimage\"},\"thumbnailUrl\":\"http:\\\/\\\/www.pep06.fr\\\/rossetti\\\/wp-content\\\/uploads\\\/sites\\\/2\\\/2015\\\/11\\\/rossetti-classe-bandeau-1024x298.jpg\",\"datePublished\":\"2015-11-27T15:13:24+00:00\",\"dateModified\":\"2015-12-02T14:18:22+00:00\",\"description\":\"Le service p\u00e9dagogique et \u00e9ducatif de l'IEM Rossetti\u00a0assure la scolarisation des enfants et organise diverses animations au cours de l'ann\u00e9e scolaire.\",\"breadcrumb\":{\"@id\":\"https:\\\/\\\/www.pep06.fr\\\/rossetti\\\/le-service-pedagogique-et-educatif\\\/#breadcrumb\"},\"inLanguage\":\"fr-FR\",\"potentialAction\":[{\"@type\":\"ReadAction\",\"target\":[\"https:\\\/\\\/www.pep06.fr\\\/rossetti\\\/le-service-pedagogique-et-educatif\\\/\"]}]},{\"@type\":\"ImageObject\",\"inLanguage\":\"fr-FR\",\"@id\":\"https:\\\/\\\/www.pep06.fr\\\/rossetti\\\/le-service-pedagogique-et-educatif\\\/#primaryimage\",\"url\":\"https:\\\/\\\/www.pep06.fr\\\/rossetti\\\/wp-content\\\/uploads\\\/sites\\\/2\\\/2015\\\/11\\\/rossetti-classe-bandeau.jpg\",\"contentUrl\":\"https:\\\/\\\/www.pep06.fr\\\/rossetti\\\/wp-content\\\/uploads\\\/sites\\\/2\\\/2015\\\/11\\\/rossetti-classe-bandeau.jpg\",\"width\":2047,\"height\":596,\"caption\":\"Une classe de l'IEM Rossetti (Bandeau)\"},{\"@type\":\"BreadcrumbList\",\"@id\":\"https:\\\/\\\/www.pep06.fr\\\/rossetti\\\/le-service-pedagogique-et-educatif\\\/#breadcrumb\",\"itemListElement\":[{\"@type\":\"ListItem\",\"position\":1,\"name\":\"Accueil\",\"item\":\"https:\\\/\\\/www.pep06.fr\\\/rossetti\\\/\"},{\"@type\":\"ListItem\",\"position\":2,\"name\":\"Le service p\u00e9dagogique et \u00e9ducatif\"}]},{\"@type\":\"WebSite\",\"@id\":\"https:\\\/\\\/www.pep06.fr\\\/rossetti\\\/#website\",\"url\":\"https:\\\/\\\/www.pep06.fr\\\/rossetti\\\/\",\"name\":\"IEM Rossetti\",\"description\":\"Le site de l&#039;IEM Rossetti des PEP 06\",\"publisher\":{\"@id\":\"https:\\\/\\\/www.pep06.fr\\\/rossetti\\\/#organization\"},\"potentialAction\":[{\"@type\":\"SearchAction\",\"target\":{\"@type\":\"EntryPoint\",\"urlTemplate\":\"https:\\\/\\\/www.pep06.fr\\\/rossetti\\\/?s={search_term_string}\"},\"query-input\":{\"@type\":\"PropertyValueSpecification\",\"valueRequired\":true,\"valueName\":\"search_term_string\"}}],\"inLanguage\":\"fr-FR\"},{\"@type\":\"Organization\",\"@id\":\"https:\\\/\\\/www.pep06.fr\\\/rossetti\\\/#organization\",\"name\":\"PEP 06\",\"url\":\"https:\\\/\\\/www.pep06.fr\\\/rossetti\\\/\",\"logo\":{\"@type\":\"ImageObject\",\"inLanguage\":\"fr-FR\",\"@id\":\"https:\\\/\\\/www.pep06.fr\\\/rossetti\\\/#\\\/schema\\\/logo\\\/image\\\/\",\"url\":\"https:\\\/\\\/www.pep06.fr\\\/rossetti\\\/wp-content\\\/uploads\\\/sites\\\/2\\\/2015\\\/11\\\/Logo-PEP06.png\",\"contentUrl\":\"https:\\\/\\\/www.pep06.fr\\\/rossetti\\\/wp-content\\\/uploads\\\/sites\\\/2\\\/2015\\\/11\\\/Logo-PEP06.png\",\"width\":915,\"height\":915,\"caption\":\"PEP 06\"},\"image\":{\"@id\":\"https:\\\/\\\/www.pep06.fr\\\/rossetti\\\/#\\\/schema\\\/logo\\\/image\\\/\"},\"sameAs\":[\"https:\\\/\\\/www.facebook.com\\\/ADPEP06\"]}]}<\/script>\n<!-- \/ Yoast SEO plugin. -->","yoast_head_json":{"title":"Le service p\u00e9dagogique et \u00e9ducatif - IEM Rossetti","description":"Le service p\u00e9dagogique et \u00e9ducatif de l'IEM Rossetti\u00a0assure la scolarisation des enfants et organise diverses animations au cours de l'ann\u00e9e scolaire.","robots":{"index":"index","follow":"follow","max-snippet":"max-snippet:-1","max-image-preview":"max-image-preview:large","max-video-preview":"max-video-preview:-1"},"canonical":"https:\/\/www.pep06.fr\/rossetti\/le-service-pedagogique-et-educatif\/","og_locale":"fr_FR","og_type":"article","og_title":"Le service p\u00e9dagogique et \u00e9ducatif - IEM Rossetti","og_description":"Le service p\u00e9dagogique et \u00e9ducatif de l'IEM Rossetti\u00a0assure la scolarisation des enfants et organise diverses animations au cours de l'ann\u00e9e scolaire.","og_url":"https:\/\/www.pep06.fr\/rossetti\/le-service-pedagogique-et-educatif\/","og_site_name":"IEM Rossetti","article_publisher":"https:\/\/www.facebook.com\/ADPEP06","article_modified_time":"2015-12-02T14:18:22+00:00","og_image":[{"url":"http:\/\/www.pep06.fr\/rossetti\/wp-content\/uploads\/sites\/2\/2015\/11\/rossetti-classe-bandeau-1024x298.jpg","type":"","width":"","height":""}],"twitter_card":"summary_large_image","twitter_misc":{"Dur\u00e9e de lecture estim\u00e9e":"4 minutes"},"schema":{"@context":"https:\/\/schema.org","@graph":[{"@type":"WebPage","@id":"https:\/\/www.pep06.fr\/rossetti\/le-service-pedagogique-et-educatif\/","url":"https:\/\/www.pep06.fr\/rossetti\/le-service-pedagogique-et-educatif\/","name":"Le service p\u00e9dagogique et \u00e9ducatif - IEM Rossetti","isPartOf":{"@id":"https:\/\/www.pep06.fr\/rossetti\/#website"},"primaryImageOfPage":{"@id":"https:\/\/www.pep06.fr\/rossetti\/le-service-pedagogique-et-educatif\/#primaryimage"},"image":{"@id":"https:\/\/www.pep06.fr\/rossetti\/le-service-pedagogique-et-educatif\/#primaryimage"},"thumbnailUrl":"http:\/\/www.pep06.fr\/rossetti\/wp-content\/uploads\/sites\/2\/2015\/11\/rossetti-classe-bandeau-1024x298.jpg","datePublished":"2015-11-27T15:13:24+00:00","dateModified":"2015-12-02T14:18:22+00:00","description":"Le service p\u00e9dagogique et \u00e9ducatif de l'IEM Rossetti\u00a0assure la scolarisation des enfants et organise diverses animations au cours de l'ann\u00e9e scolaire.","breadcrumb":{"@id":"https:\/\/www.pep06.fr\/rossetti\/le-service-pedagogique-et-educatif\/#breadcrumb"},"inLanguage":"fr-FR","potentialAction":[{"@type":"ReadAction","target":["https:\/\/www.pep06.fr\/rossetti\/le-service-pedagogique-et-educatif\/"]}]},{"@type":"ImageObject","inLanguage":"fr-FR","@id":"https:\/\/www.pep06.fr\/rossetti\/le-service-pedagogique-et-educatif\/#primaryimage","url":"https:\/\/www.pep06.fr\/rossetti\/wp-content\/uploads\/sites\/2\/2015\/11\/rossetti-classe-bandeau.jpg","contentUrl":"https:\/\/www.pep06.fr\/rossetti\/wp-content\/uploads\/sites\/2\/2015\/11\/rossetti-classe-bandeau.jpg","width":2047,"height":596,"caption":"Une classe de l'IEM Rossetti (Bandeau)"},{"@type":"BreadcrumbList","@id":"https:\/\/www.pep06.fr\/rossetti\/le-service-pedagogique-et-educatif\/#breadcrumb","itemListElement":[{"@type":"ListItem","position":1,"name":"Accueil","item":"https:\/\/www.pep06.fr\/rossetti\/"},{"@type":"ListItem","position":2,"name":"Le service p\u00e9dagogique et \u00e9ducatif"}]},{"@type":"WebSite","@id":"https:\/\/www.pep06.fr\/rossetti\/#website","url":"https:\/\/www.pep06.fr\/rossetti\/","name":"IEM Rossetti","description":"Le site de l&#039;IEM Rossetti des PEP 06","publisher":{"@id":"https:\/\/www.pep06.fr\/rossetti\/#organization"},"potentialAction":[{"@type":"SearchAction","target":{"@type":"EntryPoint","urlTemplate":"https:\/\/www.pep06.fr\/rossetti\/?s={search_term_string}"},"query-input":{"@type":"PropertyValueSpecification","valueRequired":true,"valueName":"search_term_string"}}],"inLanguage":"fr-FR"},{"@type":"Organization","@id":"https:\/\/www.pep06.fr\/rossetti\/#organization","name":"PEP 06","url":"https:\/\/www.pep06.fr\/rossetti\/","logo":{"@type":"ImageObject","inLanguage":"fr-FR","@id":"https:\/\/www.pep06.fr\/rossetti\/#\/schema\/logo\/image\/","url":"https:\/\/www.pep06.fr\/rossetti\/wp-content\/uploads\/sites\/2\/2015\/11\/Logo-PEP06.png","contentUrl":"https:\/\/www.pep06.fr\/rossetti\/wp-content\/uploads\/sites\/2\/2015\/11\/Logo-PEP06.png","width":915,"height":915,"caption":"PEP 06"},"image":{"@id":"https:\/\/www.pep06.fr\/rossetti\/#\/schema\/logo\/image\/"},"sameAs":["https:\/\/www.facebook.com\/ADPEP06"]}]}},"jetpack_sharing_enabled":true,"jetpack_shortlink":"https:\/\/wp.me\/P6ZrMM-3x","_links":{"self":[{"href":"https:\/\/www.pep06.fr\/rossetti\/wp-json\/wp\/v2\/pages\/219","targetHints":{"allow":["GET"]}}],"collection":[{"href":"https:\/\/www.pep06.fr\/rossetti\/wp-json\/wp\/v2\/pages"}],"about":[{"href":"https:\/\/www.pep06.fr\/rossetti\/wp-json\/wp\/v2\/types\/page"}],"author":[{"embeddable":true,"href":"https:\/\/www.pep06.fr\/rossetti\/wp-json\/wp\/v2\/users\/1"}],"replies":[{"embeddable":true,"href":"https:\/\/www.pep06.fr\/rossetti\/wp-json\/wp\/v2\/comments?post=219"}],"version-history":[{"count":6,"href":"https:\/\/www.pep06.fr\/rossetti\/wp-json\/wp\/v2\/pages\/219\/revisions"}],"predecessor-version":[{"id":291,"href":"https:\/\/www.pep06.fr\/rossetti\/wp-json\/wp\/v2\/pages\/219\/revisions\/291"}],"wp:attachment":[{"href":"https:\/\/www.pep06.fr\/rossetti\/wp-json\/wp\/v2\/media?parent=219"}],"curies":[{"name":"wp","href":"https:\/\/api.w.org\/{rel}","templated":true}]}}